{"id":1007,"date":"2021-08-29T15:27:51","date_gmt":"2021-08-29T13:27:51","guid":{"rendered":"http:\/\/katedrabiologie.sk\/?page_id=1007"},"modified":"2026-04-05T12:32:42","modified_gmt":"2026-04-05T10:32:42","slug":"ing-eva-urgeova-phd","status":"publish","type":"page","link":"https:\/\/oddeleniebiologie.sk\/en\/ing-eva-urgeova-phd\/","title":{"rendered":"Ing. Eva \u00dcrgeov\u00e1, PhD."},"content":{"rendered":"<div class=\"wp-block-columns is-layout-flex wp-container-core-columns-is-layout-9d6595d7 wp-block-columns-is-layout-flex\">\n<div class=\"wp-block-column is-layout-flow wp-block-column-is-layout-flow\" style=\"flex-basis:33.33%\">\n<figure class=\"wp-block-image size-full is-resized\"><img loading=\"lazy\" decoding=\"async\" width=\"177\" height=\"174\" src=\"http:\/\/oddeleniebiologie.sk\/wp-content\/uploads\/2021\/08\/Urgeova-1.png\" alt=\"\" class=\"wp-image-938\" style=\"aspect-ratio:1.0172413793103448;width:275px;height:auto\" srcset=\"https:\/\/oddeleniebiologie.sk\/wp-content\/uploads\/2021\/08\/Urgeova-1.png 177w, https:\/\/oddeleniebiologie.sk\/wp-content\/uploads\/2021\/08\/Urgeova-1-12x12.png 12w\" sizes=\"auto, (max-width: 177px) 100vw, 177px\" \/><\/figure>\n<\/div>\n\n\n\n<div class=\"wp-block-column is-layout-flow wp-block-column-is-layout-flow\" style=\"flex-basis:66.66%\">\n<p class=\"has-black-color has-text-color has-link-color wp-elements-a846f938fda62abc0e804af498c91cba\"><strong>Ved\u00faca Oddelenia biol\u00f3gie<\/strong><\/p>\n\n\n\n<p><span style=\"background-color:rgba(0, 0, 0, 0)\" class=\"has-inline-color has-black-color\">vysoko\u0161kolsk\u00fd u\u010dite\u013e<\/span><\/p>\n\n\n\n<p><strong><span class=\"has-inline-color has-black-color\">Vedecko-pedagogick\u00e1 charakteristika<\/span> &#8211;&nbsp;<a href=\"http:\/\/oddeleniebiologie.sk\/wp-content\/uploads\/2021\/08\/Urgeova.pdf\">stiahni PDF<\/a><\/strong><\/p>\n\n\n\n<p><strong><span class=\"has-inline-color has-black-color\">Tituly, hodnosti:<\/span><\/strong><\/p>\n\n\n\n<ul class=\"wp-block-list has-black-color has-text-color\">\n<li><span style=\"background-color:rgba(0, 0, 0, 0)\" class=\"has-inline-color has-black-color\"><strong>1985 <\/strong>\u2013 Ing. v \u0161tudijnom odbore Kvasn\u00e1 ch\u00e9mia a&nbsp;biologick\u00e9 in\u017einierstvo, CHTF SV\u0160T Bratislava (v s\u00fa\u010dasnosti FCHPT STU Bratislava)<\/span><\/li>\n\n\n\n<li><span style=\"background-color:rgba(0, 0, 0, 0)\" class=\"has-inline-color has-black-color\"><strong>2010 <\/strong>\u2013 PhD. v odbore Biotechnol\u00f3gia<\/span><\/li>\n<\/ul>\n\n\n\n<p><strong><span class=\"has-inline-color has-black-color\">Pracovisko:<\/span><\/strong><\/p>\n\n\n\n<ul class=\"wp-block-list has-black-color has-text-color\">\n<li><span style=\"background-color:rgba(0, 0, 0, 0)\" class=\"has-inline-color has-black-color\"><strong>2000 <\/strong>&#8211; doteraz Odborn\u00e1 asistentka, Univerzita sv. Cyrila a Metoda, Fakulta pr\u00edrodn\u00fdch vied, Trnava<\/span><\/li>\n<\/ul>\n\n\n\n<p><strong><span class=\"has-inline-color has-black-color\">Hlavn\u00e9 oblasti vedeck\u00e9ho z\u00e1ujmu:<\/span><\/strong> <span class=\"has-inline-color has-black-color\">rastlinn\u00e9 metabolity a ich biologick\u00e9 \u00fa\u010dinky, pletivov\u00e9 kult\u00fary, vyu\u017eitie pr\u00edrodn\u00fdch l\u00e1tok, sekund\u00e1rnych metabolitov ako aj komponentov s antimikrobi\u00e1lnymi vlastnos\u0165ami<\/span><\/p>\n\n\n\n<p><strong><span class=\"has-inline-color has-black-color\">Vedenie pr\u00e1c&nbsp;(obh\u00e1jen\u00e9):<\/span><\/strong> <span class=\"has-inline-color has-black-color\">Bakal\u00e1rske 19; Diplomov\u00e9 21; Rigor\u00f3zne 4; Doktorandsk\u00e9 0;<\/span><\/p>\n\n\n\n<p><strong><span class=\"has-inline-color has-black-color\">\u010clenstvo v&nbsp;sk\u00fa\u0161obn\u00fdch komisi\u00e1ch<\/span><\/strong>:<\/p>\n\n\n\n<ul class=\"wp-block-list has-black-color has-text-color\">\n<li><span style=\"background-color:rgba(0, 0, 0, 0)\" class=\"has-inline-color has-black-color\">tajomn\u00edk komisie pre Mgr. \u0160S pre \u0161tudijn\u00fd program Aplikovan\u00e1 biol\u00f3gia,<\/span><\/li>\n\n\n\n<li><span style=\"background-color:rgba(0, 0, 0, 0)\" class=\"has-inline-color has-black-color\">\u010dlen komisie pre Mgr. \u0160S &#8211; \u0161tudijn\u00fd program Aplikovan\u00e1 ch\u00e9mia a bioch\u00e9mia, biotechnologick\u00fd blok<\/span><\/li>\n<\/ul>\n\n\n\n<p><strong><span class=\"has-inline-color has-black-color\">\u00da\u010das\u0165 na rie\u0161en\u00ed vedecko-v\u00fdskumn\u00fdch projektov za posledn\u00e9 roky:<\/span><\/strong><\/p>\n\n\n\n<ul class=\"wp-block-list has-black-color has-text-color\">\n<li><span style=\"background-color:rgba(0, 0, 0, 0)\" class=\"has-inline-color has-black-color\"><strong>VEGA 1\/0635\/13 <\/strong>Chme\u013e ako v\u00fdznamn\u00fd zdroj fytomedic\u00ednsky \u00fa\u010dinn\u00fdch l\u00e1tok<\/span><\/li>\n\n\n\n<li><span style=\"background-color:rgba(0, 0, 0, 0)\" class=\"has-inline-color has-black-color\"><strong>VEGA 1\/0476\/15<\/strong> Produkcia polyphenolov v in vitro pestovan\u00fdch vybran\u00fdch druhoch \u0161alvie a ich antimikrobi\u00e1lne vlastnosti<\/span><\/li>\n\n\n\n<li><span style=\"background-color:rgba(0, 0, 0, 0)\" class=\"has-inline-color has-black-color\"><strong>2004 \u2013 2007 \u00daloha \u0160P VaV \u010d. 2004 \u0160P 26 028 0C 05, \u00daloha VaV :<\/strong> \u201cKomplexn\u00e9 vyu\u017eitie rastlinn\u00fdch surov\u00edn\u201d, \u0160P VaV : \u201cVyu\u017eitie dom\u00e1cich surov\u00edn a zdrojov\u201d, VE 5.4. Sekund\u00e1rne metabolity rastl\u00edn s bioc\u00eddnym \u00fa\u010dinkom, VE 5.3 Pestic\u00eddy na b\u00e1ze fytoproduktov (zodpovedn\u00e1 rie\u0161ite\u013eka)<\/span><\/li>\n\n\n\n<li><span style=\"background-color:rgba(0, 0, 0, 0)\" class=\"has-inline-color has-black-color\"><strong>2008 -2010 AV 4\/2024\/08<\/strong> \u201cVyu\u017eitie pr\u00edrodn\u00fdch l\u00e1tok na ochranu p\u0161enice a ja\u010dme\u0148a proti mikrobi\u00e1lnym patog\u00e9nom\u201d (zodpovedn\u00e1 rie\u0161ite\u013eka)<\/span><\/li>\n\n\n\n<li><span style=\"background-color:rgba(0, 0, 0, 0)\" class=\"has-inline-color has-black-color\"><strong>2008 \u2013 2010 VEGA 1\/0436\/08<\/strong> \u201c\u0160t\u00fadium tvorby sekund\u00e1rnych metabolitov s bioc\u00eddnym \u00fa\u010dinkom v r\u00f4znych odrod\u00e1ch chme\u013eu (z\u00e1stupky\u0148a zodpovedn\u00e9ho rie\u0161ite\u013ea)<\/span><\/li>\n\n\n\n<li><span style=\"background-color:rgba(0, 0, 0, 0)\" class=\"has-inline-color has-black-color\"><strong>2013 &#8211; 2014 VEGA 1\/0635\/13 <\/strong>&#8220;Chme\u013e ako v\u00fdznamn\u00fd zdroj fytomedic\u00ednsky \u00fa\u010dinn\u00fdch l\u00e1tok&#8221;<\/span> <span style=\"background-color:rgba(0, 0, 0, 0)\" class=\"has-inline-color has-black-color\">(2013 \u2013 2014 spolurie\u0161ite\u013eka, 2015 zodpovedn\u00e1 rie\u0161ite\u013eka)<\/span><\/li>\n\n\n\n<li><span style=\"background-color:rgba(0, 0, 0, 0)\" class=\"has-inline-color has-black-color\"><strong>2015 \u2013 2017 VEGA 1\/0476\/15<\/strong> Produkcia polyphenolov v in vitro pestovan\u00fdch vybran\u00fdch druhoch \u0161alvie a ich antimikrobi\u00e1lne vlastnosti (spolurie\u0161ite\u013eka)<\/span><\/li>\n\n\n\n<li><span style=\"background-color:rgba(0, 0, 0, 0)\" class=\"has-inline-color has-black-color\"><strong>2017 \u2013&nbsp; 2020 VEGA 1\/0535\/17<\/strong> Genetick\u00e1 v\u00fdbava euglenoidn\u00fdch bi\u010d\u00edkovcov pre medzibunkov\u00fa komunik\u00e1ciu, metabolizmus cukrov a potenci\u00e1lnu mnohobunkovos\u0165 (spolurie\u0161ite\u013eka)<\/span><\/li>\n\n\n\n<li><span style=\"background-color:rgba(0, 0, 0, 0)\" class=\"has-inline-color has-black-color\"><strong>2017 &#8211; s\u00fa\u010dasnos\u0165 VEGA 1\/0535\/17 <\/strong>Genetick\u00e1 v\u00fdbava euglenoidn\u00fdch bi\u010d\u00edkovcov pre medzibunkov\u00fa komunik\u00e1ciu, metabolizmus cukrov a potenci\u00e1lnu mnohobunkovos\u0165<\/span><\/li>\n\n\n\n<li><span style=\"background-color:rgba(0, 0, 0, 0)\" class=\"has-inline-color has-black-color\"><strong>2018 &#8211; s\u00fa\u010dasnos\u0165 VEGA 1\/0660\/18<\/strong> V\u00fdskum efektorov (inhib\u00edtorov a aktiv\u00e1torov) karnozin\u00e1zy (beta-alanyl-histid\u00edn dipeptid\u00e1zy), s cie\u013eom optimaliz\u00e1cie plazmatick\u00fdch a tkanivov\u00fdch hlad\u00edn karnoz\u00ednu<\/span><\/li>\n\n\n\n<li><span style=\"background-color:rgba(0, 0, 0, 0)\" class=\"has-inline-color has-black-color\"><strong>2018 &#8211; s\u00fa\u010dasnos\u0165 APVV-16-0173 <\/strong>Terapeutick\u00e9 alternat\u00edvy k lie\u010dbe rezistentn\u00fdch, bakteri\u00e1lnych infekci\u00ed<\/span> <span style=\"background-color:rgba(0, 0, 0, 0)\" class=\"has-inline-color has-black-color\">(spolurie\u0161ite\u013e)<\/span><\/li>\n\n\n\n<li><span style=\"background-color:rgba(0, 0, 0, 0)\" class=\"has-inline-color has-black-color\"><strong>2021 \u2013 2023 Interreg&nbsp;V-A SR \u2013 \u010cR 2014-2020 NFP304010X035 <\/strong>P\u0159\u00edhrani\u010dn\u00ed spolupr\u00e1ce sd\u00edlen\u00fdch laborato\u0159\u00ed pro zlep\u0161en\u00ed konkurenceschopnosti \u010desk\u00fdch a slovensk\u00fdch producent\u016f zeleniny (projektov\u00fd mana\u017e\u00e9r HCP)<\/span><\/li>\n<\/ul>\n\n\n\n<p><strong><span class=\"has-inline-color has-black-color\">&nbsp;Vybran\u00e9 publik\u00e1cie:<\/span><\/strong><\/p>\n\n\n\n<ol style=\"list-style-type:1\" class=\"wp-block-list has-black-color has-text-color\">\n<li><span style=\"background-color:rgba(0, 0, 0, 0)\" class=\"has-inline-color has-black-color\">K\u00e1koniov\u00e1, D., Vaverkova, S., Li\u0161kov\u00e1, D., <strong>Urgeov\u00e1, E<\/strong>., &amp; Jur\u00e1kov\u00e1, Z. (<strong>2009<\/strong>). The possibility to enhance flavonoids production in Rubia tinctorum L. callus cultures.&nbsp;<em>Nova Biotechnologica<\/em>,&nbsp;<em>9<\/em>(2), 191-197.<\/span><\/li>\n\n\n\n<li><span style=\"background-color:rgba(0, 0, 0, 0)\" class=\"has-inline-color has-black-color\"><strong>Urgeova, E.<\/strong>, &amp; Polivka, L. (<strong>2009<\/strong>). Secondary metabolites with antibacterial effects from leaves of different hop cultivars during vegetal periods.&nbsp;<em>Nova Biotechnologica<\/em>,&nbsp;<em>9<\/em>(3), 327-332.<\/span><\/li>\n\n\n\n<li><span style=\"background-color:rgba(0, 0, 0, 0)\" class=\"has-inline-color has-black-color\">Kov\u00e1\u010dov\u00e1, J., Lehotay, J., <strong>\u0170rgeov\u00e1, E.<\/strong>, Mocak, J., &amp; \u010ci\u017em\u00e1rik, J. (<strong>2011<\/strong>). Determination of selected flavonoids in hop extract by HPLC.&nbsp;<em>Journal of liquid chromatography &amp; related technologies<\/em>,&nbsp;<em>34<\/em>(5), 329-340.<\/span><\/li>\n\n\n\n<li><span style=\"background-color:rgba(0, 0, 0, 0)\" class=\"has-inline-color has-black-color\">Da\u0161ko, L., Dr\u00edmal, J., Klimekov\u00e1, M., &amp; <strong>\u00dcrgeov\u00e1, E. <\/strong>(<strong>2012<\/strong>). Response of organically and conventionally produced potatoes to a controlled attack of a pathogen.&nbsp;<em>Journal of Food and Nutrition Research<\/em>,&nbsp;<em>51<\/em>(2), 89-95.<\/span><\/li>\n\n\n\n<li><span style=\"background-color:rgba(0, 0, 0, 0)\" class=\"has-inline-color has-black-color\">Farag\u00f3, Juraj &#8211; <strong>\u00dcrgeov\u00e1 , Eva<\/strong>. (<strong>2013<\/strong>). Chme\u013e oby\u010dajn\u00fd &#8211; nov\u00e9 poh\u013eady na tradi\u010dn\u00fa plodinu ; recenzenti: Vladim\u00edr Nesvadba, J\u00e1n Held\u00e1k. &#8211; 1. vyd. &#8211; Trnava : Univerzita sv. Cyrila a Metoda v Trnave, 2013. 180 s. &#8211; ISBN 978-80-8105-518-8.<\/span><\/li>\n\n\n\n<li><span style=\"background-color:rgba(0, 0, 0, 0)\" class=\"has-inline-color has-black-color\"><strong>\u00dcrgeov\u00e1, E.<\/strong>, Vulganov\u00e1, K., &amp; Pol\u00edvka, \u013d. (<strong>2013<\/strong>). Content of selected secondary metabolites in wild hop.&nbsp;<em>Chemical Papers<\/em>,&nbsp;<em>67<\/em>(3), 249-253.<\/span><\/li>\n\n\n\n<li><span style=\"background-color:rgba(0, 0, 0, 0)\" class=\"has-inline-color has-black-color\">Vulganov\u00e1, Katar\u00edna &#8211; <strong>\u00dcrgenov\u00e1<\/strong>, <strong>Eva<\/strong> &#8211; Rovensk\u00fd, Jozef. (<strong>2014<\/strong>). Conditions of hydrolyse polysaccharides from eggshell membranes. <em>International Journal of Science Commerce and Humanities<\/em>, <em>2<\/em> (2) 112-118.<\/span><\/li>\n\n\n\n<li><span style=\"background-color:rgba(0, 0, 0, 0)\" class=\"has-inline-color has-black-color\">Vejsadov\u00e1, H., Matiska, P., Obert, B., <strong>\u00dcrgeov\u00e1, E.<\/strong>, &amp; Pre\u0165ov\u00e1, A. (<strong>2016<\/strong>). Somatic embryogenesis in Phlox paniculata\u2013histological analysis.&nbsp;<em>Biologia<\/em>,&nbsp;<em>71<\/em>(7), 763-768.<\/span><\/li>\n\n\n\n<li><span style=\"background-color:rgba(0, 0, 0, 0)\" class=\"has-inline-color has-black-color\"><strong>\u00dcrgeov\u00e1, E.<\/strong>, &amp; Vulganov\u00e1, K. (<strong>2016<\/strong>). Comparison of Enzymatic Hydrolysis of Polysaccharides from Eggshells Membranes.&nbsp;<em>Nova Biotechnol. Et Chim<\/em>,&nbsp;<em>15<\/em>, 133-141.<\/span><\/li>\n\n\n\n<li><span style=\"background-color:rgba(0, 0, 0, 0)\" class=\"has-inline-color has-black-color\">Maliar, T., Neme\u010dek, P., <strong>\u00dcrgeov\u00e1, E.<\/strong>, Maliarov\u00e1, M., Nesvadba, V., Krofta, K., Volganov\u00e1, K., Kro\u0161l\u00e1k, E. &amp; Kraic, J. (<strong>2017<\/strong>). Secondary metabolites, antioxidant and anti-proteinase activities of methanolic extracts from cones of hop (Humulus lupulus L.) cultivars.&nbsp;<em>Chemical Papers<\/em>,&nbsp;<em>71<\/em>(1), 41-48.<\/span><\/li>\n\n\n\n<li><span style=\"background-color:rgba(0, 0, 0, 0)\" class=\"has-inline-color has-black-color\">Fej\u00e9r, J., Gru\u013eov\u00e1, D., De Feo, V., <strong>\u00dcrgeov\u00e1, E.<\/strong>, Obert, B., &amp; Pre\u0165ov\u00e1, A. (<strong>2018<\/strong>). Mentha\u00d7 piperita L. nodal segments cultures and their essential oil production.&nbsp;<em>Industrial Crops and Products<\/em>,&nbsp;<em>112<\/em>, 550-555.<\/span><\/li>\n\n\n\n<li><strong>\u00dcrgeov\u00e1, E.<\/strong>, Uv\u00e1\u010dkov\u00e1, \u013d., Vanekov\u00e1, M., &amp; Maliar, T. (<strong>2023<\/strong>). Antibacterial Potential of Microwave-Assisted Extraction Prepared Hydrolates from Different Salvia Species. <em>Plants<\/em>, <em>12<\/em>(6), 1325.<\/li>\n<\/ol>\n<\/div>\n<\/div>","protected":false},"excerpt":{"rendered":"<p>Ved\u00faca Oddelenia biol\u00f3gie vysoko\u0161kolsk\u00fd u\u010dite\u013e Vedecko-pedagogick\u00e1 charakteristika &#8211;&nbsp;stiahni PDF Tituly, hodnosti: Pracovisko: Hlavn\u00e9 oblasti vedeck\u00e9ho z\u00e1ujmu: rastlinn\u00e9 metabolity a ich biologick\u00e9 \u00fa\u010dinky, pletivov\u00e9 kult\u00fary, vyu\u017eitie pr\u00edrodn\u00fdch l\u00e1tok, sekund\u00e1rnych metabolitov ako aj komponentov s antimikrobi\u00e1lnymi vlastnos\u0165ami Vedenie pr\u00e1c&nbsp;(obh\u00e1jen\u00e9): Bakal\u00e1rske 19; Diplomov\u00e9 21; Rigor\u00f3zne 4; Doktorandsk\u00e9 0; \u010clenstvo v&nbsp;sk\u00fa\u0161obn\u00fdch komisi\u00e1ch: \u00da\u010das\u0165 na rie\u0161en\u00ed vedecko-v\u00fdskumn\u00fdch projektov za posledn\u00e9&hellip; <br \/> <a class=\"read-more\" href=\"https:\/\/oddeleniebiologie.sk\/en\/ing-eva-urgeova-phd\/\">Read more<\/a><\/p>","protected":false},"author":1,"featured_media":0,"parent":0,"menu_order":0,"comment_status":"closed","ping_status":"closed","template":"","meta":{"_monsterinsights_skip_tracking":false,"_monsterinsights_sitenote_active":false,"_monsterinsights_sitenote_note":"","_monsterinsights_sitenote_category":0,"ngg_post_thumbnail":0,"footnotes":""},"class_list":["post-1007","page","type-page","status-publish","hentry"],"yoast_head":"<!-- This site is optimized with the Yoast SEO plugin v27.5 - https:\/\/yoast.com\/product\/yoast-seo-wordpress\/ -->\n<title>Ing. Eva \u00dcrgeov\u00e1, PhD. - oddeleniebiologie.sk<\/title>\n<meta name=\"robots\" content=\"index, follow, max-snippet:-1, max-image-preview:large, max-video-preview:-1\" \/>\n<link rel=\"canonical\" href=\"https:\/\/oddeleniebiologie.sk\/en\/ing-eva-urgeova-phd\/\" \/>\n<meta property=\"og:locale\" content=\"en_US\" \/>\n<meta property=\"og:type\" content=\"article\" \/>\n<meta property=\"og:title\" content=\"Ing. Eva \u00dcrgeov\u00e1, PhD. - oddeleniebiologie.sk\" \/>\n<meta property=\"og:description\" content=\"Ved\u00faca Oddelenia biol\u00f3gie vysoko\u0161kolsk\u00fd u\u010dite\u013e Vedecko-pedagogick\u00e1 charakteristika &#8211;&nbsp;stiahni PDF Tituly, hodnosti: Pracovisko: Hlavn\u00e9 oblasti vedeck\u00e9ho z\u00e1ujmu: rastlinn\u00e9 metabolity a ich biologick\u00e9 \u00fa\u010dinky, pletivov\u00e9 kult\u00fary, vyu\u017eitie pr\u00edrodn\u00fdch l\u00e1tok, sekund\u00e1rnych metabolitov ako aj komponentov s antimikrobi\u00e1lnymi vlastnos\u0165ami Vedenie pr\u00e1c&nbsp;(obh\u00e1jen\u00e9): Bakal\u00e1rske 19; Diplomov\u00e9 21; Rigor\u00f3zne 4; Doktorandsk\u00e9 0; \u010clenstvo v&nbsp;sk\u00fa\u0161obn\u00fdch komisi\u00e1ch: \u00da\u010das\u0165 na rie\u0161en\u00ed vedecko-v\u00fdskumn\u00fdch projektov za posledn\u00e9&hellip; Read more\" \/>\n<meta property=\"og:url\" content=\"https:\/\/oddeleniebiologie.sk\/en\/ing-eva-urgeova-phd\/\" \/>\n<meta property=\"og:site_name\" content=\"oddeleniebiologie.sk\" \/>\n<meta property=\"article:modified_time\" content=\"2026-04-05T10:32:42+00:00\" \/>\n<meta property=\"og:image\" content=\"https:\/\/oddeleniebiologie.sk\/wp-content\/uploads\/2021\/08\/Urgeova-1.png\" \/>\n\t<meta property=\"og:image:width\" content=\"177\" \/>\n\t<meta property=\"og:image:height\" content=\"174\" \/>\n\t<meta property=\"og:image:type\" content=\"image\/png\" \/>\n<meta name=\"twitter:card\" content=\"summary_large_image\" \/>\n<meta name=\"twitter:label1\" content=\"Est. reading time\" \/>\n\t<meta name=\"twitter:data1\" content=\"4 minutes\" \/>\n<script type=\"application\/ld+json\" class=\"yoast-schema-graph\">{\"@context\":\"https:\\\/\\\/schema.org\",\"@graph\":[{\"@type\":\"WebPage\",\"@id\":\"https:\\\/\\\/oddeleniebiologie.sk\\\/ing-eva-urgeova-phd\\\/\",\"url\":\"https:\\\/\\\/oddeleniebiologie.sk\\\/ing-eva-urgeova-phd\\\/\",\"name\":\"Ing. Eva \u00dcrgeov\u00e1, PhD. - oddeleniebiologie.sk\",\"isPartOf\":{\"@id\":\"https:\\\/\\\/oddeleniebiologie.sk\\\/#website\"},\"primaryImageOfPage\":{\"@id\":\"https:\\\/\\\/oddeleniebiologie.sk\\\/ing-eva-urgeova-phd\\\/#primaryimage\"},\"image\":{\"@id\":\"https:\\\/\\\/oddeleniebiologie.sk\\\/ing-eva-urgeova-phd\\\/#primaryimage\"},\"thumbnailUrl\":\"http:\\\/\\\/oddeleniebiologie.sk\\\/wp-content\\\/uploads\\\/2021\\\/08\\\/Urgeova-1.png\",\"datePublished\":\"2021-08-29T13:27:51+00:00\",\"dateModified\":\"2026-04-05T10:32:42+00:00\",\"breadcrumb\":{\"@id\":\"https:\\\/\\\/oddeleniebiologie.sk\\\/ing-eva-urgeova-phd\\\/#breadcrumb\"},\"inLanguage\":\"en-US\",\"potentialAction\":[{\"@type\":\"ReadAction\",\"target\":[\"https:\\\/\\\/oddeleniebiologie.sk\\\/ing-eva-urgeova-phd\\\/\"]}]},{\"@type\":\"ImageObject\",\"inLanguage\":\"en-US\",\"@id\":\"https:\\\/\\\/oddeleniebiologie.sk\\\/ing-eva-urgeova-phd\\\/#primaryimage\",\"url\":\"http:\\\/\\\/oddeleniebiologie.sk\\\/wp-content\\\/uploads\\\/2021\\\/08\\\/Urgeova-1.png\",\"contentUrl\":\"http:\\\/\\\/oddeleniebiologie.sk\\\/wp-content\\\/uploads\\\/2021\\\/08\\\/Urgeova-1.png\"},{\"@type\":\"BreadcrumbList\",\"@id\":\"https:\\\/\\\/oddeleniebiologie.sk\\\/ing-eva-urgeova-phd\\\/#breadcrumb\",\"itemListElement\":[{\"@type\":\"ListItem\",\"position\":1,\"name\":\"Home\",\"item\":\"https:\\\/\\\/oddeleniebiologie.sk\\\/\"},{\"@type\":\"ListItem\",\"position\":2,\"name\":\"Ing. Eva \u00dcrgeov\u00e1, PhD.\"}]},{\"@type\":\"WebSite\",\"@id\":\"https:\\\/\\\/oddeleniebiologie.sk\\\/#website\",\"url\":\"https:\\\/\\\/oddeleniebiologie.sk\\\/\",\"name\":\"oddeleniebiologie.sk\",\"description\":\"Oddelenie biol\u00f3gie\",\"publisher\":{\"@id\":\"https:\\\/\\\/oddeleniebiologie.sk\\\/#organization\"},\"potentialAction\":[{\"@type\":\"SearchAction\",\"target\":{\"@type\":\"EntryPoint\",\"urlTemplate\":\"https:\\\/\\\/oddeleniebiologie.sk\\\/?s={search_term_string}\"},\"query-input\":{\"@type\":\"PropertyValueSpecification\",\"valueRequired\":true,\"valueName\":\"search_term_string\"}}],\"inLanguage\":\"en-US\"},{\"@type\":\"Organization\",\"@id\":\"https:\\\/\\\/oddeleniebiologie.sk\\\/#organization\",\"name\":\"oddeleniebiologie.sk\",\"url\":\"https:\\\/\\\/oddeleniebiologie.sk\\\/\",\"logo\":{\"@type\":\"ImageObject\",\"inLanguage\":\"en-US\",\"@id\":\"https:\\\/\\\/oddeleniebiologie.sk\\\/#\\\/schema\\\/logo\\\/image\\\/\",\"url\":\"https:\\\/\\\/oddeleniebiologie.sk\\\/wp-content\\\/uploads\\\/2023\\\/10\\\/cropped-Oddelenie-biologie.jpg\",\"contentUrl\":\"https:\\\/\\\/oddeleniebiologie.sk\\\/wp-content\\\/uploads\\\/2023\\\/10\\\/cropped-Oddelenie-biologie.jpg\",\"width\":454,\"height\":440,\"caption\":\"oddeleniebiologie.sk\"},\"image\":{\"@id\":\"https:\\\/\\\/oddeleniebiologie.sk\\\/#\\\/schema\\\/logo\\\/image\\\/\"}}]}<\/script>\n<!-- \/ Yoast SEO plugin. -->","yoast_head_json":{"title":"Ing. Eva \u00dcrgeov\u00e1, PhD. - oddeleniebiologie.sk","robots":{"index":"index","follow":"follow","max-snippet":"max-snippet:-1","max-image-preview":"max-image-preview:large","max-video-preview":"max-video-preview:-1"},"canonical":"https:\/\/oddeleniebiologie.sk\/en\/ing-eva-urgeova-phd\/","og_locale":"en_US","og_type":"article","og_title":"Ing. Eva \u00dcrgeov\u00e1, PhD. - oddeleniebiologie.sk","og_description":"Ved\u00faca Oddelenia biol\u00f3gie vysoko\u0161kolsk\u00fd u\u010dite\u013e Vedecko-pedagogick\u00e1 charakteristika &#8211;&nbsp;stiahni PDF Tituly, hodnosti: Pracovisko: Hlavn\u00e9 oblasti vedeck\u00e9ho z\u00e1ujmu: rastlinn\u00e9 metabolity a ich biologick\u00e9 \u00fa\u010dinky, pletivov\u00e9 kult\u00fary, vyu\u017eitie pr\u00edrodn\u00fdch l\u00e1tok, sekund\u00e1rnych metabolitov ako aj komponentov s antimikrobi\u00e1lnymi vlastnos\u0165ami Vedenie pr\u00e1c&nbsp;(obh\u00e1jen\u00e9): Bakal\u00e1rske 19; Diplomov\u00e9 21; Rigor\u00f3zne 4; Doktorandsk\u00e9 0; \u010clenstvo v&nbsp;sk\u00fa\u0161obn\u00fdch komisi\u00e1ch: \u00da\u010das\u0165 na rie\u0161en\u00ed vedecko-v\u00fdskumn\u00fdch projektov za posledn\u00e9&hellip; Read more","og_url":"https:\/\/oddeleniebiologie.sk\/en\/ing-eva-urgeova-phd\/","og_site_name":"oddeleniebiologie.sk","article_modified_time":"2026-04-05T10:32:42+00:00","og_image":[{"width":177,"height":174,"url":"https:\/\/oddeleniebiologie.sk\/wp-content\/uploads\/2021\/08\/Urgeova-1.png","type":"image\/png"}],"twitter_card":"summary_large_image","twitter_misc":{"Est. reading time":"4 minutes"},"schema":{"@context":"https:\/\/schema.org","@graph":[{"@type":"WebPage","@id":"https:\/\/oddeleniebiologie.sk\/ing-eva-urgeova-phd\/","url":"https:\/\/oddeleniebiologie.sk\/ing-eva-urgeova-phd\/","name":"Ing. Eva \u00dcrgeov\u00e1, PhD. - oddeleniebiologie.sk","isPartOf":{"@id":"https:\/\/oddeleniebiologie.sk\/#website"},"primaryImageOfPage":{"@id":"https:\/\/oddeleniebiologie.sk\/ing-eva-urgeova-phd\/#primaryimage"},"image":{"@id":"https:\/\/oddeleniebiologie.sk\/ing-eva-urgeova-phd\/#primaryimage"},"thumbnailUrl":"http:\/\/oddeleniebiologie.sk\/wp-content\/uploads\/2021\/08\/Urgeova-1.png","datePublished":"2021-08-29T13:27:51+00:00","dateModified":"2026-04-05T10:32:42+00:00","breadcrumb":{"@id":"https:\/\/oddeleniebiologie.sk\/ing-eva-urgeova-phd\/#breadcrumb"},"inLanguage":"en-US","potentialAction":[{"@type":"ReadAction","target":["https:\/\/oddeleniebiologie.sk\/ing-eva-urgeova-phd\/"]}]},{"@type":"ImageObject","inLanguage":"en-US","@id":"https:\/\/oddeleniebiologie.sk\/ing-eva-urgeova-phd\/#primaryimage","url":"http:\/\/oddeleniebiologie.sk\/wp-content\/uploads\/2021\/08\/Urgeova-1.png","contentUrl":"http:\/\/oddeleniebiologie.sk\/wp-content\/uploads\/2021\/08\/Urgeova-1.png"},{"@type":"BreadcrumbList","@id":"https:\/\/oddeleniebiologie.sk\/ing-eva-urgeova-phd\/#breadcrumb","itemListElement":[{"@type":"ListItem","position":1,"name":"Home","item":"https:\/\/oddeleniebiologie.sk\/"},{"@type":"ListItem","position":2,"name":"Ing. Eva \u00dcrgeov\u00e1, PhD."}]},{"@type":"WebSite","@id":"https:\/\/oddeleniebiologie.sk\/#website","url":"https:\/\/oddeleniebiologie.sk\/","name":"oddeleniebiologie.sk","description":"Oddelenie biol\u00f3gie","publisher":{"@id":"https:\/\/oddeleniebiologie.sk\/#organization"},"potentialAction":[{"@type":"SearchAction","target":{"@type":"EntryPoint","urlTemplate":"https:\/\/oddeleniebiologie.sk\/?s={search_term_string}"},"query-input":{"@type":"PropertyValueSpecification","valueRequired":true,"valueName":"search_term_string"}}],"inLanguage":"en-US"},{"@type":"Organization","@id":"https:\/\/oddeleniebiologie.sk\/#organization","name":"oddeleniebiologie.sk","url":"https:\/\/oddeleniebiologie.sk\/","logo":{"@type":"ImageObject","inLanguage":"en-US","@id":"https:\/\/oddeleniebiologie.sk\/#\/schema\/logo\/image\/","url":"https:\/\/oddeleniebiologie.sk\/wp-content\/uploads\/2023\/10\/cropped-Oddelenie-biologie.jpg","contentUrl":"https:\/\/oddeleniebiologie.sk\/wp-content\/uploads\/2023\/10\/cropped-Oddelenie-biologie.jpg","width":454,"height":440,"caption":"oddeleniebiologie.sk"},"image":{"@id":"https:\/\/oddeleniebiologie.sk\/#\/schema\/logo\/image\/"}}]}},"_links":{"self":[{"href":"https:\/\/oddeleniebiologie.sk\/en\/wp-json\/wp\/v2\/pages\/1007","targetHints":{"allow":["GET"]}}],"collection":[{"href":"https:\/\/oddeleniebiologie.sk\/en\/wp-json\/wp\/v2\/pages"}],"about":[{"href":"https:\/\/oddeleniebiologie.sk\/en\/wp-json\/wp\/v2\/types\/page"}],"author":[{"embeddable":true,"href":"https:\/\/oddeleniebiologie.sk\/en\/wp-json\/wp\/v2\/users\/1"}],"replies":[{"embeddable":true,"href":"https:\/\/oddeleniebiologie.sk\/en\/wp-json\/wp\/v2\/comments?post=1007"}],"version-history":[{"count":7,"href":"https:\/\/oddeleniebiologie.sk\/en\/wp-json\/wp\/v2\/pages\/1007\/revisions"}],"predecessor-version":[{"id":5116,"href":"https:\/\/oddeleniebiologie.sk\/en\/wp-json\/wp\/v2\/pages\/1007\/revisions\/5116"}],"wp:attachment":[{"href":"https:\/\/oddeleniebiologie.sk\/en\/wp-json\/wp\/v2\/media?parent=1007"}],"curies":[{"name":"wp","href":"https:\/\/api.w.org\/{rel}","templated":true}]}}