{"id":1264,"date":"2021-08-31T11:04:08","date_gmt":"2021-08-31T09:04:08","guid":{"rendered":"http:\/\/katedrabiologie.sk\/?page_id=1264"},"modified":"2025-10-14T13:59:15","modified_gmt":"2025-10-14T11:59:15","slug":"mgr-michaela-hododova","status":"publish","type":"page","link":"https:\/\/oddeleniebiologie.sk\/en\/mgr-michaela-hododova\/","title":{"rendered":"Mgr. Michaela Hodorov\u00e1"},"content":{"rendered":"<div class=\"wp-block-columns is-layout-flex wp-container-core-columns-is-layout-9d6595d7 wp-block-columns-is-layout-flex\">\n<div class=\"wp-block-column has-black-color has-text-color is-layout-flow wp-block-column-is-layout-flow\" style=\"flex-basis:33.33%\">\n<figure class=\"wp-block-image size-full is-resized\"><img loading=\"lazy\" decoding=\"async\" width=\"1922\" height=\"2560\" src=\"https:\/\/oddeleniebiologie.sk\/wp-content\/uploads\/2024\/10\/foto_miska-scaled.jpg\" alt=\"\" class=\"wp-image-4691\" style=\"width:278px;height:auto\" srcset=\"https:\/\/oddeleniebiologie.sk\/wp-content\/uploads\/2024\/10\/foto_miska-scaled.jpg 1922w, https:\/\/oddeleniebiologie.sk\/wp-content\/uploads\/2024\/10\/foto_miska-225x300.jpg 225w, https:\/\/oddeleniebiologie.sk\/wp-content\/uploads\/2024\/10\/foto_miska-769x1024.jpg 769w, https:\/\/oddeleniebiologie.sk\/wp-content\/uploads\/2024\/10\/foto_miska-768x1023.jpg 768w, https:\/\/oddeleniebiologie.sk\/wp-content\/uploads\/2024\/10\/foto_miska-1153x1536.jpg 1153w, https:\/\/oddeleniebiologie.sk\/wp-content\/uploads\/2024\/10\/foto_miska-1538x2048.jpg 1538w, https:\/\/oddeleniebiologie.sk\/wp-content\/uploads\/2024\/10\/foto_miska-9x12.jpg 9w, https:\/\/oddeleniebiologie.sk\/wp-content\/uploads\/2024\/10\/foto_miska-1024x1364.jpg 1024w, https:\/\/oddeleniebiologie.sk\/wp-content\/uploads\/2024\/10\/foto_miska-811x1080.jpg 811w\" sizes=\"auto, (max-width: 1922px) 100vw, 1922px\" \/><\/figure>\n<\/div>\n\n\n\n<div class=\"wp-block-column has-black-color has-text-color is-layout-flow wp-block-column-is-layout-flow\" style=\"flex-basis:66.66%\">\n<p>doktorand (4. ro\u010dn\u00edk)<\/p>\n\n\n\n<p class=\"has-black-color has-text-color\"><strong>T\u00e9ma pr\u00e1ce: <\/strong>Bioinformatick\u00e9 pr\u00edstupy k \u0161t\u00fadiu sekvenci\u00ed, \u0161trukt\u00far, \u0161pecific\u00edt a evol\u00facii amylolytick\u00fdch enz\u00fdmov<\/p>\n\n\n\n<p> \u0161kolite\u013e: <strong>prof. Ing. \u0160tefan Jane\u010dek, DrSc.<\/strong> <\/p>\n\n\n\n<p class=\"has-black-color has-text-color\"><strong>Zameranie:<\/strong> <em>in silico<\/em> anal\u00fdza amylolytick\u00fdch enz\u00fdmov, \u03b1-amyl\u00e1zov\u00e9 rodiny, GH13, GH57, GH119, GH126, konzervovan\u00e9 sekven\u010dn\u00e9 regi\u00f3ny<\/p>\n\n\n\n<p><strong><span class=\"has-inline-color has-black-color\">Vedenie pr\u00e1c&nbsp;(obh\u00e1jen\u00e9):<\/span><\/strong><\/p>\n\n\n\n<p class=\"has-black-color has-text-color\">Bakal\u00e1rske 0;<\/p>\n\n\n\n<p><strong><span style=\"background-color:rgba(0, 0, 0, 0)\" class=\"has-inline-color has-black-color\">\u00da\u010das\u0165 na rie\u0161en\u00ed vedecko-v\u00fdskumn\u00fdch projektov:<\/span><\/strong><\/p>\n\n\n\n<ul class=\"wp-block-list has-black-color has-text-color\">\n<li><strong>FPPV-35-2024<\/strong>\u2013 ved\u00faci projektu -Detailn\u00e1 in silico anal\u00fdza \u03b1-amyl\u00e1zovej rodiny GH126 zameran\u00e1 na \u0161t\u00fadium katalyckej ma\u0161in\u00e9rie a reak\u010dn\u00e9ho mechanizmu<\/li>\n\n\n\n<li><strong>FPV-10-2023<\/strong> \u2013 ved\u00faci projektu &#8211; Detailn\u00e1 <em>in silico<\/em> anal\u00fdza \u03b1-amyl\u00e1zovej rodiny GH126 s oh\u013eadom na identifik\u00e1ciu unik\u00e1tnych sekven\u010dno-\u0161trukt\u00farnych \u010d\u0155t jej \u010dlenov<\/li>\n\n\n\n<li>VEGA 2\/0146\/21- \u010dlen rie\u0161ite\u013esk\u00e9ho kolekt\u00edvu \u2013 Amylolytick\u00e9 enz\u00fdmy \u2013 tis\u00edce sekvenci\u00ed, stovky \u0161trukt\u00far, desiatky \u0161pecific\u00edt \u2013 a&nbsp;\u010do evol\u00facia&#8230;?<\/li>\n<\/ul>\n\n\n\n<p class=\"has-black-color has-text-color has-link-color wp-elements-733116e7ddf029df53735ef1a04a8ebd\"><strong><span style=\"background-color:rgba(0, 0, 0, 0)\" class=\"has-inline-color has-black-color\">Absolvovan\u00e9 st\u00e1\u017ee:<\/span><\/strong><\/p>\n\n\n\n<p><strong><span style=\"background-color:rgba(0, 0, 0, 0)\" class=\"has-inline-color has-black-color\">Publik\u00e1cie:<\/span><\/strong><\/p>\n\n\n\n<ol style=\"list-style-type:1\" class=\"wp-block-list has-black-color has-text-color\">\n<li><strong>Schorschov\u00e1, M.<\/strong>, &amp; Jane\u010dek, \u0160. (<strong>2023<\/strong>). Detailn\u00e1 <em>in silico<\/em> anal\u00fdza \u03b1-amyl\u00e1zovej rodiny GH126 s oh\u013eadom na unik\u00e1tne sekven\u010dno-\u0161trukt\u00farne \u010drty. \u0160tudentsk\u00e1 vedeck\u00e1 konferencia 2023 &#8211; Zborn\u00edk recenzovan\u00fdch pr\u00edspevkov, s. 542-546. ISBN 978-80-558-2024-8.<\/li>\n\n\n\n<li><strong>Schorschov\u00e1, M.<\/strong>, &amp; Jane\u010dek, \u0160. (<strong>2023<\/strong>). A detailed <em>in silico<\/em> analysis of the \u03b1-amylase family GH126 focused on its unique sequence-structural features. Applied Natural Sciences 2023 \u2013 Book of Abstracts, Donovaly, Slovakia, s. 86. ISBN 978-80-572-0357-5.<\/li>\n\n\n\n<li><strong>Schorschov\u00e1, M.<\/strong>, &amp; Jane\u010dek, \u0160. (<strong>2024<\/strong>). <em>In silico <\/em>\u0161t\u00fadia unik\u00e1tnych sekven\u010dno-\u0161trukt\u00farnych \u010d\u0155t \u03b1-amyl\u00e1zovej rodiny GH126. \u0160tudentsk\u00e1 vedeck\u00e1 konferencia 2024 &#8211; Zborn\u00edk recenzovan\u00fdch pr\u00edspevkov, s. 380-385. ISBN 978-80-557-2147-7 .<\/li>\n\n\n\n<li><strong>Schorschov\u00e1, M.<\/strong>, &amp; Jane\u010dek, \u0160. (<strong>2024<\/strong>). How to reliably distinguish the members of the \u201c\u03b1-amylase\u201d family GH126 from inverting \u03b2-glucanases of families GH8 and GH48. Program and Abstract Book \u2013 Carbohydrate Bioengineering Meeting CBM15, Ghent, Belgium, s. 207.<\/li>\n\n\n\n<li><strong>Hodorov\u00e1, M.<\/strong>, &amp; Jane\u010dek, \u0160. (<strong>2024<\/strong>). The family GH126 \u2013 its relatedness to and differentiation from GH8 and GH48 including the intermediary sequences. <em>Food Bioscience<\/em>, ro\u010d. 62, \u010d. July, s. 105064. ISSN 22124292. doi:10.1016\/j.fbio.2024.105064<\/li>\n<\/ol>\n<\/div>\n<\/div>","protected":false},"excerpt":{"rendered":"<p>doktorand (4. ro\u010dn\u00edk) T\u00e9ma pr\u00e1ce: Bioinformatick\u00e9 pr\u00edstupy k \u0161t\u00fadiu sekvenci\u00ed, \u0161trukt\u00far, \u0161pecific\u00edt a evol\u00facii amylolytick\u00fdch enz\u00fdmov \u0161kolite\u013e: prof. Ing. \u0160tefan Jane\u010dek, DrSc. Zameranie: in silico anal\u00fdza amylolytick\u00fdch enz\u00fdmov, \u03b1-amyl\u00e1zov\u00e9 rodiny, GH13, GH57, GH119, GH126, konzervovan\u00e9 sekven\u010dn\u00e9 regi\u00f3ny Vedenie pr\u00e1c&nbsp;(obh\u00e1jen\u00e9): Bakal\u00e1rske 0; \u00da\u010das\u0165 na rie\u0161en\u00ed vedecko-v\u00fdskumn\u00fdch projektov: Absolvovan\u00e9 st\u00e1\u017ee: Publik\u00e1cie:<\/p>","protected":false},"author":1,"featured_media":0,"parent":0,"menu_order":0,"comment_status":"closed","ping_status":"closed","template":"","meta":{"_monsterinsights_skip_tracking":false,"_monsterinsights_sitenote_active":false,"_monsterinsights_sitenote_note":"","_monsterinsights_sitenote_category":0,"ngg_post_thumbnail":0,"footnotes":""},"class_list":["post-1264","page","type-page","status-publish","hentry"],"yoast_head":"<!-- This site is optimized with the Yoast SEO plugin v27.5 - https:\/\/yoast.com\/product\/yoast-seo-wordpress\/ -->\n<title>Mgr. Michaela Hodorov\u00e1 - oddeleniebiologie.sk<\/title>\n<meta name=\"robots\" content=\"index, follow, max-snippet:-1, max-image-preview:large, max-video-preview:-1\" \/>\n<link rel=\"canonical\" href=\"https:\/\/oddeleniebiologie.sk\/en\/mgr-michaela-hododova\/\" \/>\n<meta property=\"og:locale\" content=\"en_US\" \/>\n<meta property=\"og:type\" content=\"article\" \/>\n<meta property=\"og:title\" content=\"Mgr. Michaela Hodorov\u00e1 - oddeleniebiologie.sk\" \/>\n<meta property=\"og:description\" content=\"doktorand (4. ro\u010dn\u00edk) T\u00e9ma pr\u00e1ce: Bioinformatick\u00e9 pr\u00edstupy k \u0161t\u00fadiu sekvenci\u00ed, \u0161trukt\u00far, \u0161pecific\u00edt a evol\u00facii amylolytick\u00fdch enz\u00fdmov \u0161kolite\u013e: prof. Ing. \u0160tefan Jane\u010dek, DrSc. Zameranie: in silico anal\u00fdza amylolytick\u00fdch enz\u00fdmov, \u03b1-amyl\u00e1zov\u00e9 rodiny, GH13, GH57, GH119, GH126, konzervovan\u00e9 sekven\u010dn\u00e9 regi\u00f3ny Vedenie pr\u00e1c&nbsp;(obh\u00e1jen\u00e9): Bakal\u00e1rske 0; \u00da\u010das\u0165 na rie\u0161en\u00ed vedecko-v\u00fdskumn\u00fdch projektov: Absolvovan\u00e9 st\u00e1\u017ee: Publik\u00e1cie:\" \/>\n<meta property=\"og:url\" content=\"https:\/\/oddeleniebiologie.sk\/en\/mgr-michaela-hododova\/\" \/>\n<meta property=\"og:site_name\" content=\"oddeleniebiologie.sk\" \/>\n<meta property=\"article:modified_time\" content=\"2025-10-14T11:59:15+00:00\" \/>\n<meta property=\"og:image\" content=\"https:\/\/oddeleniebiologie.sk\/wp-content\/uploads\/2024\/10\/foto_miska-scaled.jpg\" \/>\n\t<meta property=\"og:image:width\" content=\"1922\" \/>\n\t<meta property=\"og:image:height\" content=\"2560\" \/>\n\t<meta property=\"og:image:type\" content=\"image\/jpeg\" \/>\n<meta name=\"twitter:card\" content=\"summary_large_image\" \/>\n<meta name=\"twitter:label1\" content=\"Est. reading time\" \/>\n\t<meta name=\"twitter:data1\" content=\"2 minutes\" \/>\n<script type=\"application\/ld+json\" class=\"yoast-schema-graph\">{\"@context\":\"https:\\\/\\\/schema.org\",\"@graph\":[{\"@type\":\"WebPage\",\"@id\":\"https:\\\/\\\/oddeleniebiologie.sk\\\/mgr-michaela-hododova\\\/\",\"url\":\"https:\\\/\\\/oddeleniebiologie.sk\\\/mgr-michaela-hododova\\\/\",\"name\":\"Mgr. Michaela Hodorov\u00e1 - oddeleniebiologie.sk\",\"isPartOf\":{\"@id\":\"https:\\\/\\\/oddeleniebiologie.sk\\\/#website\"},\"primaryImageOfPage\":{\"@id\":\"https:\\\/\\\/oddeleniebiologie.sk\\\/mgr-michaela-hododova\\\/#primaryimage\"},\"image\":{\"@id\":\"https:\\\/\\\/oddeleniebiologie.sk\\\/mgr-michaela-hododova\\\/#primaryimage\"},\"thumbnailUrl\":\"https:\\\/\\\/oddeleniebiologie.sk\\\/wp-content\\\/uploads\\\/2024\\\/10\\\/foto_miska-scaled.jpg\",\"datePublished\":\"2021-08-31T09:04:08+00:00\",\"dateModified\":\"2025-10-14T11:59:15+00:00\",\"breadcrumb\":{\"@id\":\"https:\\\/\\\/oddeleniebiologie.sk\\\/mgr-michaela-hododova\\\/#breadcrumb\"},\"inLanguage\":\"en-US\",\"potentialAction\":[{\"@type\":\"ReadAction\",\"target\":[\"https:\\\/\\\/oddeleniebiologie.sk\\\/mgr-michaela-hododova\\\/\"]}]},{\"@type\":\"ImageObject\",\"inLanguage\":\"en-US\",\"@id\":\"https:\\\/\\\/oddeleniebiologie.sk\\\/mgr-michaela-hododova\\\/#primaryimage\",\"url\":\"https:\\\/\\\/oddeleniebiologie.sk\\\/wp-content\\\/uploads\\\/2024\\\/10\\\/foto_miska-scaled.jpg\",\"contentUrl\":\"https:\\\/\\\/oddeleniebiologie.sk\\\/wp-content\\\/uploads\\\/2024\\\/10\\\/foto_miska-scaled.jpg\"},{\"@type\":\"BreadcrumbList\",\"@id\":\"https:\\\/\\\/oddeleniebiologie.sk\\\/mgr-michaela-hododova\\\/#breadcrumb\",\"itemListElement\":[{\"@type\":\"ListItem\",\"position\":1,\"name\":\"Home\",\"item\":\"https:\\\/\\\/oddeleniebiologie.sk\\\/\"},{\"@type\":\"ListItem\",\"position\":2,\"name\":\"Mgr. Michaela Hodorov\u00e1\"}]},{\"@type\":\"WebSite\",\"@id\":\"https:\\\/\\\/oddeleniebiologie.sk\\\/#website\",\"url\":\"https:\\\/\\\/oddeleniebiologie.sk\\\/\",\"name\":\"oddeleniebiologie.sk\",\"description\":\"Oddelenie biol\u00f3gie\",\"publisher\":{\"@id\":\"https:\\\/\\\/oddeleniebiologie.sk\\\/#organization\"},\"potentialAction\":[{\"@type\":\"SearchAction\",\"target\":{\"@type\":\"EntryPoint\",\"urlTemplate\":\"https:\\\/\\\/oddeleniebiologie.sk\\\/?s={search_term_string}\"},\"query-input\":{\"@type\":\"PropertyValueSpecification\",\"valueRequired\":true,\"valueName\":\"search_term_string\"}}],\"inLanguage\":\"en-US\"},{\"@type\":\"Organization\",\"@id\":\"https:\\\/\\\/oddeleniebiologie.sk\\\/#organization\",\"name\":\"oddeleniebiologie.sk\",\"url\":\"https:\\\/\\\/oddeleniebiologie.sk\\\/\",\"logo\":{\"@type\":\"ImageObject\",\"inLanguage\":\"en-US\",\"@id\":\"https:\\\/\\\/oddeleniebiologie.sk\\\/#\\\/schema\\\/logo\\\/image\\\/\",\"url\":\"https:\\\/\\\/oddeleniebiologie.sk\\\/wp-content\\\/uploads\\\/2023\\\/10\\\/cropped-Oddelenie-biologie.jpg\",\"contentUrl\":\"https:\\\/\\\/oddeleniebiologie.sk\\\/wp-content\\\/uploads\\\/2023\\\/10\\\/cropped-Oddelenie-biologie.jpg\",\"width\":454,\"height\":440,\"caption\":\"oddeleniebiologie.sk\"},\"image\":{\"@id\":\"https:\\\/\\\/oddeleniebiologie.sk\\\/#\\\/schema\\\/logo\\\/image\\\/\"}}]}<\/script>\n<!-- \/ Yoast SEO plugin. -->","yoast_head_json":{"title":"Mgr. Michaela Hodorov\u00e1 - oddeleniebiologie.sk","robots":{"index":"index","follow":"follow","max-snippet":"max-snippet:-1","max-image-preview":"max-image-preview:large","max-video-preview":"max-video-preview:-1"},"canonical":"https:\/\/oddeleniebiologie.sk\/en\/mgr-michaela-hododova\/","og_locale":"en_US","og_type":"article","og_title":"Mgr. Michaela Hodorov\u00e1 - oddeleniebiologie.sk","og_description":"doktorand (4. ro\u010dn\u00edk) T\u00e9ma pr\u00e1ce: Bioinformatick\u00e9 pr\u00edstupy k \u0161t\u00fadiu sekvenci\u00ed, \u0161trukt\u00far, \u0161pecific\u00edt a evol\u00facii amylolytick\u00fdch enz\u00fdmov \u0161kolite\u013e: prof. Ing. \u0160tefan Jane\u010dek, DrSc. Zameranie: in silico anal\u00fdza amylolytick\u00fdch enz\u00fdmov, \u03b1-amyl\u00e1zov\u00e9 rodiny, GH13, GH57, GH119, GH126, konzervovan\u00e9 sekven\u010dn\u00e9 regi\u00f3ny Vedenie pr\u00e1c&nbsp;(obh\u00e1jen\u00e9): Bakal\u00e1rske 0; \u00da\u010das\u0165 na rie\u0161en\u00ed vedecko-v\u00fdskumn\u00fdch projektov: Absolvovan\u00e9 st\u00e1\u017ee: Publik\u00e1cie:","og_url":"https:\/\/oddeleniebiologie.sk\/en\/mgr-michaela-hododova\/","og_site_name":"oddeleniebiologie.sk","article_modified_time":"2025-10-14T11:59:15+00:00","og_image":[{"width":1922,"height":2560,"url":"https:\/\/oddeleniebiologie.sk\/wp-content\/uploads\/2024\/10\/foto_miska-scaled.jpg","type":"image\/jpeg"}],"twitter_card":"summary_large_image","twitter_misc":{"Est. reading time":"2 minutes"},"schema":{"@context":"https:\/\/schema.org","@graph":[{"@type":"WebPage","@id":"https:\/\/oddeleniebiologie.sk\/mgr-michaela-hododova\/","url":"https:\/\/oddeleniebiologie.sk\/mgr-michaela-hododova\/","name":"Mgr. Michaela Hodorov\u00e1 - oddeleniebiologie.sk","isPartOf":{"@id":"https:\/\/oddeleniebiologie.sk\/#website"},"primaryImageOfPage":{"@id":"https:\/\/oddeleniebiologie.sk\/mgr-michaela-hododova\/#primaryimage"},"image":{"@id":"https:\/\/oddeleniebiologie.sk\/mgr-michaela-hododova\/#primaryimage"},"thumbnailUrl":"https:\/\/oddeleniebiologie.sk\/wp-content\/uploads\/2024\/10\/foto_miska-scaled.jpg","datePublished":"2021-08-31T09:04:08+00:00","dateModified":"2025-10-14T11:59:15+00:00","breadcrumb":{"@id":"https:\/\/oddeleniebiologie.sk\/mgr-michaela-hododova\/#breadcrumb"},"inLanguage":"en-US","potentialAction":[{"@type":"ReadAction","target":["https:\/\/oddeleniebiologie.sk\/mgr-michaela-hododova\/"]}]},{"@type":"ImageObject","inLanguage":"en-US","@id":"https:\/\/oddeleniebiologie.sk\/mgr-michaela-hododova\/#primaryimage","url":"https:\/\/oddeleniebiologie.sk\/wp-content\/uploads\/2024\/10\/foto_miska-scaled.jpg","contentUrl":"https:\/\/oddeleniebiologie.sk\/wp-content\/uploads\/2024\/10\/foto_miska-scaled.jpg"},{"@type":"BreadcrumbList","@id":"https:\/\/oddeleniebiologie.sk\/mgr-michaela-hododova\/#breadcrumb","itemListElement":[{"@type":"ListItem","position":1,"name":"Home","item":"https:\/\/oddeleniebiologie.sk\/"},{"@type":"ListItem","position":2,"name":"Mgr. Michaela Hodorov\u00e1"}]},{"@type":"WebSite","@id":"https:\/\/oddeleniebiologie.sk\/#website","url":"https:\/\/oddeleniebiologie.sk\/","name":"oddeleniebiologie.sk","description":"Oddelenie biol\u00f3gie","publisher":{"@id":"https:\/\/oddeleniebiologie.sk\/#organization"},"potentialAction":[{"@type":"SearchAction","target":{"@type":"EntryPoint","urlTemplate":"https:\/\/oddeleniebiologie.sk\/?s={search_term_string}"},"query-input":{"@type":"PropertyValueSpecification","valueRequired":true,"valueName":"search_term_string"}}],"inLanguage":"en-US"},{"@type":"Organization","@id":"https:\/\/oddeleniebiologie.sk\/#organization","name":"oddeleniebiologie.sk","url":"https:\/\/oddeleniebiologie.sk\/","logo":{"@type":"ImageObject","inLanguage":"en-US","@id":"https:\/\/oddeleniebiologie.sk\/#\/schema\/logo\/image\/","url":"https:\/\/oddeleniebiologie.sk\/wp-content\/uploads\/2023\/10\/cropped-Oddelenie-biologie.jpg","contentUrl":"https:\/\/oddeleniebiologie.sk\/wp-content\/uploads\/2023\/10\/cropped-Oddelenie-biologie.jpg","width":454,"height":440,"caption":"oddeleniebiologie.sk"},"image":{"@id":"https:\/\/oddeleniebiologie.sk\/#\/schema\/logo\/image\/"}}]}},"_links":{"self":[{"href":"https:\/\/oddeleniebiologie.sk\/en\/wp-json\/wp\/v2\/pages\/1264","targetHints":{"allow":["GET"]}}],"collection":[{"href":"https:\/\/oddeleniebiologie.sk\/en\/wp-json\/wp\/v2\/pages"}],"about":[{"href":"https:\/\/oddeleniebiologie.sk\/en\/wp-json\/wp\/v2\/types\/page"}],"author":[{"embeddable":true,"href":"https:\/\/oddeleniebiologie.sk\/en\/wp-json\/wp\/v2\/users\/1"}],"replies":[{"embeddable":true,"href":"https:\/\/oddeleniebiologie.sk\/en\/wp-json\/wp\/v2\/comments?post=1264"}],"version-history":[{"count":6,"href":"https:\/\/oddeleniebiologie.sk\/en\/wp-json\/wp\/v2\/pages\/1264\/revisions"}],"predecessor-version":[{"id":4949,"href":"https:\/\/oddeleniebiologie.sk\/en\/wp-json\/wp\/v2\/pages\/1264\/revisions\/4949"}],"wp:attachment":[{"href":"https:\/\/oddeleniebiologie.sk\/en\/wp-json\/wp\/v2\/media?parent=1264"}],"curies":[{"name":"wp","href":"https:\/\/api.w.org\/{rel}","templated":true}]}}