{"id":3311,"date":"2022-09-27T07:34:30","date_gmt":"2022-09-27T05:34:30","guid":{"rendered":"https:\/\/katedrabiologie.sk\/?page_id=3311"},"modified":"2025-02-08T20:37:06","modified_gmt":"2025-02-08T19:37:06","slug":"temy-bakalarskych-prac","status":"publish","type":"page","link":"https:\/\/oddeleniebiologie.sk\/en\/temy-bakalarskych-prac\/","title":{"rendered":"T\u00e9my bakal\u00e1rskych pr\u00e1c"},"content":{"rendered":"<div data-wp-interactive=\"core\/file\" class=\"wp-block-file\"><object data-wp-bind--hidden=\"!state.hasPdfPreview\" hidden class=\"wp-block-file__embed\" data=\"https:\/\/oddeleniebiologie.sk\/wp-content\/uploads\/2024\/10\/Navrh_temy-bakalarskych-prac-2024_2025_OB-UBB.pdf\" type=\"application\/pdf\" style=\"width:100%;height:600px\" aria-label=\"Embed of N\u00e1vrh_t\u00e9my bakal\u00e1rskych pr\u00e1c 2024_2025_OB \u00daBB.\"><\/object><a id=\"wp-block-file--media-1db305f4-9402-4965-aff2-4916d4503d13\" href=\"https:\/\/oddeleniebiologie.sk\/wp-content\/uploads\/2024\/10\/Navrh_temy-bakalarskych-prac-2024_2025_OB-UBB.pdf\">N\u00e1vrh_t\u00e9my bakal\u00e1rskych pr\u00e1c 2024_2025_OB \u00daBB<\/a><a href=\"https:\/\/oddeleniebiologie.sk\/wp-content\/uploads\/2024\/10\/Navrh_temy-bakalarskych-prac-2024_2025_OB-UBB.pdf\" class=\"wp-block-file__button wp-element-button\" download aria-describedby=\"wp-block-file--media-1db305f4-9402-4965-aff2-4916d4503d13\">Stiahnu\u0165<\/a><\/div>\n\n\n\n<h2 class=\"wp-block-heading has-black-color has-text-color has-link-color wp-elements-62370acca3cd7d90298a4fdb16a52565\">Zoznam schv\u00e1len\u00fdch t\u00e9m bakal\u00e1rskych pr\u00e1c s pridelen\u00fdmi \u0161tudentmi<\/h2>\n\n\n\n<div class=\"wp-block-file\"><a id=\"wp-block-file--media-04a94762-ff76-43f9-8fbb-1af11c6c02cb\" href=\"https:\/\/oddeleniebiologie.sk\/wp-content\/uploads\/2025\/02\/Zoznam-schvalenych-tem-BP-s-pridelenymi-studentmi_2024-2025_OB-UBB-.docx\">Zoznam schv\u00e1len\u00fdch t\u00e9m BP s pridelen\u00fdmi \u0161tudentmi_2024-2025_OB \u00daBB<\/a><a href=\"https:\/\/oddeleniebiologie.sk\/wp-content\/uploads\/2025\/02\/Zoznam-schvalenych-tem-BP-s-pridelenymi-studentmi_2024-2025_OB-UBB-.docx\" class=\"wp-block-file__button wp-element-button\" download aria-describedby=\"wp-block-file--media-04a94762-ff76-43f9-8fbb-1af11c6c02cb\">Stiahnu\u0165<\/a><\/div>","protected":false},"excerpt":{"rendered":"<p>Zoznam schv\u00e1len\u00fdch t\u00e9m bakal\u00e1rskych pr\u00e1c s pridelen\u00fdmi \u0161tudentmi<\/p>","protected":false},"author":1,"featured_media":0,"parent":0,"menu_order":0,"comment_status":"closed","ping_status":"closed","template":"","meta":{"_monsterinsights_skip_tracking":false,"_monsterinsights_sitenote_active":false,"_monsterinsights_sitenote_note":"","_monsterinsights_sitenote_category":0,"ngg_post_thumbnail":0,"footnotes":""},"class_list":["post-3311","page","type-page","status-publish","hentry"],"yoast_head":"<!-- This site is optimized with the Yoast SEO plugin v27.5 - https:\/\/yoast.com\/product\/yoast-seo-wordpress\/ -->\n<title>T\u00e9my bakal\u00e1rskych pr\u00e1c - oddeleniebiologie.sk<\/title>\n<meta name=\"robots\" content=\"index, follow, max-snippet:-1, max-image-preview:large, max-video-preview:-1\" \/>\n<link rel=\"canonical\" href=\"https:\/\/oddeleniebiologie.sk\/en\/temy-bakalarskych-prac\/\" \/>\n<meta property=\"og:locale\" content=\"en_US\" \/>\n<meta property=\"og:type\" content=\"article\" \/>\n<meta property=\"og:title\" content=\"T\u00e9my bakal\u00e1rskych pr\u00e1c - oddeleniebiologie.sk\" \/>\n<meta property=\"og:description\" content=\"Zoznam schv\u00e1len\u00fdch t\u00e9m bakal\u00e1rskych pr\u00e1c s pridelen\u00fdmi \u0161tudentmi\" \/>\n<meta property=\"og:url\" content=\"https:\/\/oddeleniebiologie.sk\/en\/temy-bakalarskych-prac\/\" \/>\n<meta property=\"og:site_name\" content=\"oddeleniebiologie.sk\" \/>\n<meta property=\"article:modified_time\" content=\"2025-02-08T19:37:06+00:00\" \/>\n<meta name=\"twitter:card\" content=\"summary_large_image\" \/>\n<meta name=\"twitter:label1\" content=\"Est. reading time\" \/>\n\t<meta name=\"twitter:data1\" content=\"1 minute\" \/>\n<script type=\"application\/ld+json\" class=\"yoast-schema-graph\">{\"@context\":\"https:\\\/\\\/schema.org\",\"@graph\":[{\"@type\":\"WebPage\",\"@id\":\"https:\\\/\\\/oddeleniebiologie.sk\\\/temy-bakalarskych-prac\\\/\",\"url\":\"https:\\\/\\\/oddeleniebiologie.sk\\\/temy-bakalarskych-prac\\\/\",\"name\":\"T\u00e9my bakal\u00e1rskych pr\u00e1c - oddeleniebiologie.sk\",\"isPartOf\":{\"@id\":\"https:\\\/\\\/oddeleniebiologie.sk\\\/#website\"},\"datePublished\":\"2022-09-27T05:34:30+00:00\",\"dateModified\":\"2025-02-08T19:37:06+00:00\",\"breadcrumb\":{\"@id\":\"https:\\\/\\\/oddeleniebiologie.sk\\\/temy-bakalarskych-prac\\\/#breadcrumb\"},\"inLanguage\":\"en-US\",\"potentialAction\":[{\"@type\":\"ReadAction\",\"target\":[\"https:\\\/\\\/oddeleniebiologie.sk\\\/temy-bakalarskych-prac\\\/\"]}]},{\"@type\":\"BreadcrumbList\",\"@id\":\"https:\\\/\\\/oddeleniebiologie.sk\\\/temy-bakalarskych-prac\\\/#breadcrumb\",\"itemListElement\":[{\"@type\":\"ListItem\",\"position\":1,\"name\":\"Home\",\"item\":\"https:\\\/\\\/oddeleniebiologie.sk\\\/\"},{\"@type\":\"ListItem\",\"position\":2,\"name\":\"T\u00e9my bakal\u00e1rskych pr\u00e1c\"}]},{\"@type\":\"WebSite\",\"@id\":\"https:\\\/\\\/oddeleniebiologie.sk\\\/#website\",\"url\":\"https:\\\/\\\/oddeleniebiologie.sk\\\/\",\"name\":\"oddeleniebiologie.sk\",\"description\":\"Oddelenie biol\u00f3gie\",\"publisher\":{\"@id\":\"https:\\\/\\\/oddeleniebiologie.sk\\\/#organization\"},\"potentialAction\":[{\"@type\":\"SearchAction\",\"target\":{\"@type\":\"EntryPoint\",\"urlTemplate\":\"https:\\\/\\\/oddeleniebiologie.sk\\\/?s={search_term_string}\"},\"query-input\":{\"@type\":\"PropertyValueSpecification\",\"valueRequired\":true,\"valueName\":\"search_term_string\"}}],\"inLanguage\":\"en-US\"},{\"@type\":\"Organization\",\"@id\":\"https:\\\/\\\/oddeleniebiologie.sk\\\/#organization\",\"name\":\"oddeleniebiologie.sk\",\"url\":\"https:\\\/\\\/oddeleniebiologie.sk\\\/\",\"logo\":{\"@type\":\"ImageObject\",\"inLanguage\":\"en-US\",\"@id\":\"https:\\\/\\\/oddeleniebiologie.sk\\\/#\\\/schema\\\/logo\\\/image\\\/\",\"url\":\"https:\\\/\\\/oddeleniebiologie.sk\\\/wp-content\\\/uploads\\\/2023\\\/10\\\/cropped-Oddelenie-biologie.jpg\",\"contentUrl\":\"https:\\\/\\\/oddeleniebiologie.sk\\\/wp-content\\\/uploads\\\/2023\\\/10\\\/cropped-Oddelenie-biologie.jpg\",\"width\":454,\"height\":440,\"caption\":\"oddeleniebiologie.sk\"},\"image\":{\"@id\":\"https:\\\/\\\/oddeleniebiologie.sk\\\/#\\\/schema\\\/logo\\\/image\\\/\"}}]}<\/script>\n<!-- \/ Yoast SEO plugin. -->","yoast_head_json":{"title":"T\u00e9my bakal\u00e1rskych pr\u00e1c - oddeleniebiologie.sk","robots":{"index":"index","follow":"follow","max-snippet":"max-snippet:-1","max-image-preview":"max-image-preview:large","max-video-preview":"max-video-preview:-1"},"canonical":"https:\/\/oddeleniebiologie.sk\/en\/temy-bakalarskych-prac\/","og_locale":"en_US","og_type":"article","og_title":"T\u00e9my bakal\u00e1rskych pr\u00e1c - oddeleniebiologie.sk","og_description":"Zoznam schv\u00e1len\u00fdch t\u00e9m bakal\u00e1rskych pr\u00e1c s pridelen\u00fdmi \u0161tudentmi","og_url":"https:\/\/oddeleniebiologie.sk\/en\/temy-bakalarskych-prac\/","og_site_name":"oddeleniebiologie.sk","article_modified_time":"2025-02-08T19:37:06+00:00","twitter_card":"summary_large_image","twitter_misc":{"Est. reading time":"1 minute"},"schema":{"@context":"https:\/\/schema.org","@graph":[{"@type":"WebPage","@id":"https:\/\/oddeleniebiologie.sk\/temy-bakalarskych-prac\/","url":"https:\/\/oddeleniebiologie.sk\/temy-bakalarskych-prac\/","name":"T\u00e9my bakal\u00e1rskych pr\u00e1c - oddeleniebiologie.sk","isPartOf":{"@id":"https:\/\/oddeleniebiologie.sk\/#website"},"datePublished":"2022-09-27T05:34:30+00:00","dateModified":"2025-02-08T19:37:06+00:00","breadcrumb":{"@id":"https:\/\/oddeleniebiologie.sk\/temy-bakalarskych-prac\/#breadcrumb"},"inLanguage":"en-US","potentialAction":[{"@type":"ReadAction","target":["https:\/\/oddeleniebiologie.sk\/temy-bakalarskych-prac\/"]}]},{"@type":"BreadcrumbList","@id":"https:\/\/oddeleniebiologie.sk\/temy-bakalarskych-prac\/#breadcrumb","itemListElement":[{"@type":"ListItem","position":1,"name":"Home","item":"https:\/\/oddeleniebiologie.sk\/"},{"@type":"ListItem","position":2,"name":"T\u00e9my bakal\u00e1rskych pr\u00e1c"}]},{"@type":"WebSite","@id":"https:\/\/oddeleniebiologie.sk\/#website","url":"https:\/\/oddeleniebiologie.sk\/","name":"oddeleniebiologie.sk","description":"Oddelenie biol\u00f3gie","publisher":{"@id":"https:\/\/oddeleniebiologie.sk\/#organization"},"potentialAction":[{"@type":"SearchAction","target":{"@type":"EntryPoint","urlTemplate":"https:\/\/oddeleniebiologie.sk\/?s={search_term_string}"},"query-input":{"@type":"PropertyValueSpecification","valueRequired":true,"valueName":"search_term_string"}}],"inLanguage":"en-US"},{"@type":"Organization","@id":"https:\/\/oddeleniebiologie.sk\/#organization","name":"oddeleniebiologie.sk","url":"https:\/\/oddeleniebiologie.sk\/","logo":{"@type":"ImageObject","inLanguage":"en-US","@id":"https:\/\/oddeleniebiologie.sk\/#\/schema\/logo\/image\/","url":"https:\/\/oddeleniebiologie.sk\/wp-content\/uploads\/2023\/10\/cropped-Oddelenie-biologie.jpg","contentUrl":"https:\/\/oddeleniebiologie.sk\/wp-content\/uploads\/2023\/10\/cropped-Oddelenie-biologie.jpg","width":454,"height":440,"caption":"oddeleniebiologie.sk"},"image":{"@id":"https:\/\/oddeleniebiologie.sk\/#\/schema\/logo\/image\/"}}]}},"_links":{"self":[{"href":"https:\/\/oddeleniebiologie.sk\/en\/wp-json\/wp\/v2\/pages\/3311","targetHints":{"allow":["GET"]}}],"collection":[{"href":"https:\/\/oddeleniebiologie.sk\/en\/wp-json\/wp\/v2\/pages"}],"about":[{"href":"https:\/\/oddeleniebiologie.sk\/en\/wp-json\/wp\/v2\/types\/page"}],"author":[{"embeddable":true,"href":"https:\/\/oddeleniebiologie.sk\/en\/wp-json\/wp\/v2\/users\/1"}],"replies":[{"embeddable":true,"href":"https:\/\/oddeleniebiologie.sk\/en\/wp-json\/wp\/v2\/comments?post=3311"}],"version-history":[{"count":6,"href":"https:\/\/oddeleniebiologie.sk\/en\/wp-json\/wp\/v2\/pages\/3311\/revisions"}],"predecessor-version":[{"id":4868,"href":"https:\/\/oddeleniebiologie.sk\/en\/wp-json\/wp\/v2\/pages\/3311\/revisions\/4868"}],"wp:attachment":[{"href":"https:\/\/oddeleniebiologie.sk\/en\/wp-json\/wp\/v2\/media?parent=3311"}],"curies":[{"name":"wp","href":"https:\/\/api.w.org\/{rel}","templated":true}]}}