{"id":3571,"date":"2023-10-04T16:43:58","date_gmt":"2023-10-04T14:43:58","guid":{"rendered":"https:\/\/katedrabiologie.sk\/?page_id=3571"},"modified":"2025-10-14T13:56:37","modified_gmt":"2025-10-14T11:56:37","slug":"ing-alexandra-hlavata","status":"publish","type":"page","link":"https:\/\/oddeleniebiologie.sk\/en\/ing-alexandra-hlavata\/","title":{"rendered":"Ing. Alexandra Hlavat\u00e1"},"content":{"rendered":"<div class=\"wp-block-columns is-layout-flex wp-container-core-columns-is-layout-9d6595d7 wp-block-columns-is-layout-flex\">\n<div class=\"wp-block-column is-layout-flow wp-block-column-is-layout-flow\" style=\"flex-basis:33.33%\">\n<figure class=\"wp-block-image size-full\"><img loading=\"lazy\" decoding=\"async\" width=\"254\" height=\"346\" src=\"https:\/\/oddeleniebiologie.sk\/wp-content\/uploads\/2024\/10\/Kinder.jpg\" alt=\"\" class=\"wp-image-4760\" srcset=\"https:\/\/oddeleniebiologie.sk\/wp-content\/uploads\/2024\/10\/Kinder.jpg 254w, https:\/\/oddeleniebiologie.sk\/wp-content\/uploads\/2024\/10\/Kinder-220x300.jpg 220w, https:\/\/oddeleniebiologie.sk\/wp-content\/uploads\/2024\/10\/Kinder-9x12.jpg 9w\" sizes=\"auto, (max-width: 254px) 100vw, 254px\" \/><\/figure>\n<\/div>\n\n\n\n<div class=\"wp-block-column is-layout-flow wp-block-column-is-layout-flow\" style=\"flex-basis:66.66%\">\n<p class=\"has-black-color has-text-color\">doktorand (3. ro\u010dn\u00edk)<\/p>\n\n\n\n<p class=\"has-black-color has-text-color\"><strong>T\u00e9ma pr\u00e1ce: <\/strong>Strat\u00e9gie rastl\u00edn pre pr\u00edjem, distrib\u00faciu a alok\u00e1ciu kovov v rastlin\u00e1ch<\/p>\n\n\n\n<p class=\"has-black-color has-text-color\">\u0161kolite\u013e: <strong>prof. Mgr. Ildik\u00f3 Matu\u0161\u00edkov\u00e1, PhD.<\/strong><\/p>\n\n\n\n<p class=\"has-black-color has-text-color\"><strong><span style=\"background-color:rgba(0, 0, 0, 0)\" class=\"has-inline-color has-black-color\">Zameranie:<\/span><\/strong> Molekul\u00e1rna Biol\u00f3gia, Bioinformatika, Proteomika<\/p>\n\n\n\n<p class=\"has-black-color has-text-color\"><strong><span class=\"has-inline-color has-black-color\">Vedenie pr\u00e1c&nbsp;(obh\u00e1jen\u00e9):<\/span><\/strong><\/p>\n\n\n\n<p class=\"has-black-color has-text-color\">Bakal\u00e1rske  0;<\/p>\n\n\n\n<p class=\"has-black-color has-text-color\"><strong><span style=\"background-color:rgba(0, 0, 0, 0)\" class=\"has-inline-color has-black-color\">\u00da\u010das\u0165 na rie\u0161en\u00ed vedecko-v\u00fdskumn\u00fdch projektov:<\/span><\/strong><\/p>\n\n\n\n<ul class=\"wp-block-list has-black-color has-text-color\">\n<li><strong>ID 724<\/strong> (\u0160t\u00fadium bio-geochemick\u00fdch cyklov s cie\u013eom z\u00edska\u0165 vybran\u00e9 kovy z environment\u00e1lnych matr\u00edc)<\/li>\n\n\n\n<li><strong>ID 706 APVV-21-0504<\/strong> (R\u00f4znorodos\u0165 p\u0161en\u00edc v schopnosti akumulova\u0165 i\u00f3ny esenci\u00e1lnych kovov a jej vyu\u017eitie pre ekologick\u00e9 po\u013enohospod\u00e1rstvo)<\/li>\n\n\n\n<li><strong>ID 1102<\/strong> (DECARBONIZATION ASSOCIATED WITH WASTEWATER TREATMENT FOR THE 21ST CENTURY)<\/li>\n<\/ul>\n\n\n\n<p class=\"has-black-color has-text-color\"><strong><span style=\"background-color:rgba(0, 0, 0, 0)\" class=\"has-inline-color has-black-color\">Absolvovan\u00e9 st\u00e1\u017ee:<\/span><\/strong><\/p>\n\n\n\n<p class=\"has-black-color has-text-color\"><strong><span style=\"background-color:rgba(0, 0, 0, 0)\" class=\"has-inline-color has-black-color\">Publik\u00e1cie:<\/span><\/strong><\/p>\n\n\n\n<ol style=\"list-style-type:1\" class=\"wp-block-list has-black-color has-text-color\">\n<li><strong>Hlavat\u00e1, Alexandra<\/strong>, Han\u010dinsk\u00fd, Richard. (<strong>2024<\/strong>). S\u00fa\u010dasn\u00e9 princ\u00edpy biofortifik\u00e1cie p\u0161enice zinkom &#8211; Current principles of wheat biofortification with zinc. \u0160tudentsk\u00e1 vedeck\u00e1 konferencia 2024 (elektronick\u00fd dokument). s. 325-329.<\/li>\n<\/ol>\n<\/div>\n<\/div>","protected":false},"excerpt":{"rendered":"<p>doktorand (3. ro\u010dn\u00edk) T\u00e9ma pr\u00e1ce: Strat\u00e9gie rastl\u00edn pre pr\u00edjem, distrib\u00faciu a alok\u00e1ciu kovov v rastlin\u00e1ch \u0161kolite\u013e: prof. Mgr. Ildik\u00f3 Matu\u0161\u00edkov\u00e1, PhD. Zameranie: Molekul\u00e1rna Biol\u00f3gia, Bioinformatika, Proteomika Vedenie pr\u00e1c&nbsp;(obh\u00e1jen\u00e9): Bakal\u00e1rske 0; \u00da\u010das\u0165 na rie\u0161en\u00ed vedecko-v\u00fdskumn\u00fdch projektov: Absolvovan\u00e9 st\u00e1\u017ee: Publik\u00e1cie:<\/p>","protected":false},"author":1,"featured_media":0,"parent":0,"menu_order":0,"comment_status":"closed","ping_status":"closed","template":"","meta":{"_monsterinsights_skip_tracking":false,"_monsterinsights_sitenote_active":false,"_monsterinsights_sitenote_note":"","_monsterinsights_sitenote_category":0,"ngg_post_thumbnail":0,"footnotes":""},"class_list":["post-3571","page","type-page","status-publish","hentry"],"yoast_head":"<!-- This site is optimized with the Yoast SEO plugin v27.5 - https:\/\/yoast.com\/product\/yoast-seo-wordpress\/ -->\n<title>Ing. Alexandra Hlavat\u00e1 - oddeleniebiologie.sk<\/title>\n<meta name=\"robots\" content=\"index, follow, max-snippet:-1, max-image-preview:large, max-video-preview:-1\" \/>\n<link rel=\"canonical\" href=\"https:\/\/oddeleniebiologie.sk\/en\/ing-alexandra-hlavata\/\" \/>\n<meta property=\"og:locale\" content=\"en_US\" \/>\n<meta property=\"og:type\" content=\"article\" \/>\n<meta property=\"og:title\" content=\"Ing. Alexandra Hlavat\u00e1 - oddeleniebiologie.sk\" \/>\n<meta property=\"og:description\" content=\"doktorand (3. ro\u010dn\u00edk) T\u00e9ma pr\u00e1ce: Strat\u00e9gie rastl\u00edn pre pr\u00edjem, distrib\u00faciu a alok\u00e1ciu kovov v rastlin\u00e1ch \u0161kolite\u013e: prof. Mgr. Ildik\u00f3 Matu\u0161\u00edkov\u00e1, PhD. Zameranie: Molekul\u00e1rna Biol\u00f3gia, Bioinformatika, Proteomika Vedenie pr\u00e1c&nbsp;(obh\u00e1jen\u00e9): Bakal\u00e1rske 0; \u00da\u010das\u0165 na rie\u0161en\u00ed vedecko-v\u00fdskumn\u00fdch projektov: Absolvovan\u00e9 st\u00e1\u017ee: Publik\u00e1cie:\" \/>\n<meta property=\"og:url\" content=\"https:\/\/oddeleniebiologie.sk\/en\/ing-alexandra-hlavata\/\" \/>\n<meta property=\"og:site_name\" content=\"oddeleniebiologie.sk\" \/>\n<meta property=\"article:modified_time\" content=\"2025-10-14T11:56:37+00:00\" \/>\n<meta property=\"og:image\" content=\"https:\/\/oddeleniebiologie.sk\/wp-content\/uploads\/2024\/10\/Kinder.jpg\" \/>\n\t<meta property=\"og:image:width\" content=\"254\" \/>\n\t<meta property=\"og:image:height\" content=\"346\" \/>\n\t<meta property=\"og:image:type\" content=\"image\/jpeg\" \/>\n<meta name=\"twitter:card\" content=\"summary_large_image\" \/>\n<meta name=\"twitter:label1\" content=\"Est. reading time\" \/>\n\t<meta name=\"twitter:data1\" content=\"1 minute\" \/>\n<script type=\"application\/ld+json\" class=\"yoast-schema-graph\">{\"@context\":\"https:\\\/\\\/schema.org\",\"@graph\":[{\"@type\":\"WebPage\",\"@id\":\"https:\\\/\\\/oddeleniebiologie.sk\\\/ing-alexandra-hlavata\\\/\",\"url\":\"https:\\\/\\\/oddeleniebiologie.sk\\\/ing-alexandra-hlavata\\\/\",\"name\":\"Ing. Alexandra Hlavat\u00e1 - oddeleniebiologie.sk\",\"isPartOf\":{\"@id\":\"https:\\\/\\\/oddeleniebiologie.sk\\\/#website\"},\"primaryImageOfPage\":{\"@id\":\"https:\\\/\\\/oddeleniebiologie.sk\\\/ing-alexandra-hlavata\\\/#primaryimage\"},\"image\":{\"@id\":\"https:\\\/\\\/oddeleniebiologie.sk\\\/ing-alexandra-hlavata\\\/#primaryimage\"},\"thumbnailUrl\":\"https:\\\/\\\/oddeleniebiologie.sk\\\/wp-content\\\/uploads\\\/2024\\\/10\\\/Kinder.jpg\",\"datePublished\":\"2023-10-04T14:43:58+00:00\",\"dateModified\":\"2025-10-14T11:56:37+00:00\",\"breadcrumb\":{\"@id\":\"https:\\\/\\\/oddeleniebiologie.sk\\\/ing-alexandra-hlavata\\\/#breadcrumb\"},\"inLanguage\":\"en-US\",\"potentialAction\":[{\"@type\":\"ReadAction\",\"target\":[\"https:\\\/\\\/oddeleniebiologie.sk\\\/ing-alexandra-hlavata\\\/\"]}]},{\"@type\":\"ImageObject\",\"inLanguage\":\"en-US\",\"@id\":\"https:\\\/\\\/oddeleniebiologie.sk\\\/ing-alexandra-hlavata\\\/#primaryimage\",\"url\":\"https:\\\/\\\/oddeleniebiologie.sk\\\/wp-content\\\/uploads\\\/2024\\\/10\\\/Kinder.jpg\",\"contentUrl\":\"https:\\\/\\\/oddeleniebiologie.sk\\\/wp-content\\\/uploads\\\/2024\\\/10\\\/Kinder.jpg\"},{\"@type\":\"BreadcrumbList\",\"@id\":\"https:\\\/\\\/oddeleniebiologie.sk\\\/ing-alexandra-hlavata\\\/#breadcrumb\",\"itemListElement\":[{\"@type\":\"ListItem\",\"position\":1,\"name\":\"Home\",\"item\":\"https:\\\/\\\/oddeleniebiologie.sk\\\/\"},{\"@type\":\"ListItem\",\"position\":2,\"name\":\"Ing. Alexandra Hlavat\u00e1\"}]},{\"@type\":\"WebSite\",\"@id\":\"https:\\\/\\\/oddeleniebiologie.sk\\\/#website\",\"url\":\"https:\\\/\\\/oddeleniebiologie.sk\\\/\",\"name\":\"oddeleniebiologie.sk\",\"description\":\"Oddelenie biol\u00f3gie\",\"publisher\":{\"@id\":\"https:\\\/\\\/oddeleniebiologie.sk\\\/#organization\"},\"potentialAction\":[{\"@type\":\"SearchAction\",\"target\":{\"@type\":\"EntryPoint\",\"urlTemplate\":\"https:\\\/\\\/oddeleniebiologie.sk\\\/?s={search_term_string}\"},\"query-input\":{\"@type\":\"PropertyValueSpecification\",\"valueRequired\":true,\"valueName\":\"search_term_string\"}}],\"inLanguage\":\"en-US\"},{\"@type\":\"Organization\",\"@id\":\"https:\\\/\\\/oddeleniebiologie.sk\\\/#organization\",\"name\":\"oddeleniebiologie.sk\",\"url\":\"https:\\\/\\\/oddeleniebiologie.sk\\\/\",\"logo\":{\"@type\":\"ImageObject\",\"inLanguage\":\"en-US\",\"@id\":\"https:\\\/\\\/oddeleniebiologie.sk\\\/#\\\/schema\\\/logo\\\/image\\\/\",\"url\":\"https:\\\/\\\/oddeleniebiologie.sk\\\/wp-content\\\/uploads\\\/2023\\\/10\\\/cropped-Oddelenie-biologie.jpg\",\"contentUrl\":\"https:\\\/\\\/oddeleniebiologie.sk\\\/wp-content\\\/uploads\\\/2023\\\/10\\\/cropped-Oddelenie-biologie.jpg\",\"width\":454,\"height\":440,\"caption\":\"oddeleniebiologie.sk\"},\"image\":{\"@id\":\"https:\\\/\\\/oddeleniebiologie.sk\\\/#\\\/schema\\\/logo\\\/image\\\/\"}}]}<\/script>\n<!-- \/ Yoast SEO plugin. -->","yoast_head_json":{"title":"Ing. Alexandra Hlavat\u00e1 - oddeleniebiologie.sk","robots":{"index":"index","follow":"follow","max-snippet":"max-snippet:-1","max-image-preview":"max-image-preview:large","max-video-preview":"max-video-preview:-1"},"canonical":"https:\/\/oddeleniebiologie.sk\/en\/ing-alexandra-hlavata\/","og_locale":"en_US","og_type":"article","og_title":"Ing. Alexandra Hlavat\u00e1 - oddeleniebiologie.sk","og_description":"doktorand (3. ro\u010dn\u00edk) T\u00e9ma pr\u00e1ce: Strat\u00e9gie rastl\u00edn pre pr\u00edjem, distrib\u00faciu a alok\u00e1ciu kovov v rastlin\u00e1ch \u0161kolite\u013e: prof. Mgr. Ildik\u00f3 Matu\u0161\u00edkov\u00e1, PhD. Zameranie: Molekul\u00e1rna Biol\u00f3gia, Bioinformatika, Proteomika Vedenie pr\u00e1c&nbsp;(obh\u00e1jen\u00e9): Bakal\u00e1rske 0; \u00da\u010das\u0165 na rie\u0161en\u00ed vedecko-v\u00fdskumn\u00fdch projektov: Absolvovan\u00e9 st\u00e1\u017ee: Publik\u00e1cie:","og_url":"https:\/\/oddeleniebiologie.sk\/en\/ing-alexandra-hlavata\/","og_site_name":"oddeleniebiologie.sk","article_modified_time":"2025-10-14T11:56:37+00:00","og_image":[{"width":254,"height":346,"url":"https:\/\/oddeleniebiologie.sk\/wp-content\/uploads\/2024\/10\/Kinder.jpg","type":"image\/jpeg"}],"twitter_card":"summary_large_image","twitter_misc":{"Est. reading time":"1 minute"},"schema":{"@context":"https:\/\/schema.org","@graph":[{"@type":"WebPage","@id":"https:\/\/oddeleniebiologie.sk\/ing-alexandra-hlavata\/","url":"https:\/\/oddeleniebiologie.sk\/ing-alexandra-hlavata\/","name":"Ing. Alexandra Hlavat\u00e1 - oddeleniebiologie.sk","isPartOf":{"@id":"https:\/\/oddeleniebiologie.sk\/#website"},"primaryImageOfPage":{"@id":"https:\/\/oddeleniebiologie.sk\/ing-alexandra-hlavata\/#primaryimage"},"image":{"@id":"https:\/\/oddeleniebiologie.sk\/ing-alexandra-hlavata\/#primaryimage"},"thumbnailUrl":"https:\/\/oddeleniebiologie.sk\/wp-content\/uploads\/2024\/10\/Kinder.jpg","datePublished":"2023-10-04T14:43:58+00:00","dateModified":"2025-10-14T11:56:37+00:00","breadcrumb":{"@id":"https:\/\/oddeleniebiologie.sk\/ing-alexandra-hlavata\/#breadcrumb"},"inLanguage":"en-US","potentialAction":[{"@type":"ReadAction","target":["https:\/\/oddeleniebiologie.sk\/ing-alexandra-hlavata\/"]}]},{"@type":"ImageObject","inLanguage":"en-US","@id":"https:\/\/oddeleniebiologie.sk\/ing-alexandra-hlavata\/#primaryimage","url":"https:\/\/oddeleniebiologie.sk\/wp-content\/uploads\/2024\/10\/Kinder.jpg","contentUrl":"https:\/\/oddeleniebiologie.sk\/wp-content\/uploads\/2024\/10\/Kinder.jpg"},{"@type":"BreadcrumbList","@id":"https:\/\/oddeleniebiologie.sk\/ing-alexandra-hlavata\/#breadcrumb","itemListElement":[{"@type":"ListItem","position":1,"name":"Home","item":"https:\/\/oddeleniebiologie.sk\/"},{"@type":"ListItem","position":2,"name":"Ing. Alexandra Hlavat\u00e1"}]},{"@type":"WebSite","@id":"https:\/\/oddeleniebiologie.sk\/#website","url":"https:\/\/oddeleniebiologie.sk\/","name":"oddeleniebiologie.sk","description":"Oddelenie biol\u00f3gie","publisher":{"@id":"https:\/\/oddeleniebiologie.sk\/#organization"},"potentialAction":[{"@type":"SearchAction","target":{"@type":"EntryPoint","urlTemplate":"https:\/\/oddeleniebiologie.sk\/?s={search_term_string}"},"query-input":{"@type":"PropertyValueSpecification","valueRequired":true,"valueName":"search_term_string"}}],"inLanguage":"en-US"},{"@type":"Organization","@id":"https:\/\/oddeleniebiologie.sk\/#organization","name":"oddeleniebiologie.sk","url":"https:\/\/oddeleniebiologie.sk\/","logo":{"@type":"ImageObject","inLanguage":"en-US","@id":"https:\/\/oddeleniebiologie.sk\/#\/schema\/logo\/image\/","url":"https:\/\/oddeleniebiologie.sk\/wp-content\/uploads\/2023\/10\/cropped-Oddelenie-biologie.jpg","contentUrl":"https:\/\/oddeleniebiologie.sk\/wp-content\/uploads\/2023\/10\/cropped-Oddelenie-biologie.jpg","width":454,"height":440,"caption":"oddeleniebiologie.sk"},"image":{"@id":"https:\/\/oddeleniebiologie.sk\/#\/schema\/logo\/image\/"}}]}},"_links":{"self":[{"href":"https:\/\/oddeleniebiologie.sk\/en\/wp-json\/wp\/v2\/pages\/3571","targetHints":{"allow":["GET"]}}],"collection":[{"href":"https:\/\/oddeleniebiologie.sk\/en\/wp-json\/wp\/v2\/pages"}],"about":[{"href":"https:\/\/oddeleniebiologie.sk\/en\/wp-json\/wp\/v2\/types\/page"}],"author":[{"embeddable":true,"href":"https:\/\/oddeleniebiologie.sk\/en\/wp-json\/wp\/v2\/users\/1"}],"replies":[{"embeddable":true,"href":"https:\/\/oddeleniebiologie.sk\/en\/wp-json\/wp\/v2\/comments?post=3571"}],"version-history":[{"count":6,"href":"https:\/\/oddeleniebiologie.sk\/en\/wp-json\/wp\/v2\/pages\/3571\/revisions"}],"predecessor-version":[{"id":4945,"href":"https:\/\/oddeleniebiologie.sk\/en\/wp-json\/wp\/v2\/pages\/3571\/revisions\/4945"}],"wp:attachment":[{"href":"https:\/\/oddeleniebiologie.sk\/en\/wp-json\/wp\/v2\/media?parent=3571"}],"curies":[{"name":"wp","href":"https:\/\/api.w.org\/{rel}","templated":true}]}}