{"id":4493,"date":"2024-03-18T14:36:55","date_gmt":"2024-03-18T13:36:55","guid":{"rendered":"https:\/\/katedrabiologie.sk\/?page_id=4493"},"modified":"2024-03-18T15:01:24","modified_gmt":"2024-03-18T14:01:24","slug":"statne-skusky","status":"publish","type":"page","link":"https:\/\/oddeleniebiologie.sk\/en\/statne-skusky\/","title":{"rendered":"\u0160t\u00e1tne sk\u00fa\u0161ky"},"content":{"rendered":"<p class=\"has-black-color has-text-color has-link-color wp-elements-c079141f98fd7ad209c39d911f6206b0\"><strong>POKYNY PRE \u0160TUDENTOV BAKAL\u00c1RSKEHO A&nbsp;MAGISTERSK\u00c9HO \u0160T\u00daDIA<\/strong><\/p>\n\n\n\n<p class=\"has-black-color has-text-color has-link-color wp-elements-01d8356c7cb02c7fdade0ea417499f1c\"><strong>APLIKOVAN\u00c1 BIOL\u00d3GIA K \u0160T\u00c1TNEJ SK\u00da\u0160KE NA FPV UCM KONANEJ V ROKU 2024<\/strong><\/p>\n\n\n\n<p class=\"has-black-color has-text-color has-link-color wp-elements-7283c679841d89cbfba12c47a6efe6f6\">Najnesk\u00f4r <strong>do 15.05.2024<\/strong> (1. term\u00edn Bc., Mgr.), resp. <strong>30.06.2024<\/strong> (2. term\u00edn Bc. a Mgr.) je potrebn\u00e9:<\/p>\n\n\n\n<ul class=\"has-black-color has-text-color has-link-color wp-block-list wp-elements-6870b3ff0a9d4e90229c92ef9867547c\">\n<li><strong><\/strong><strong>Osobne sa prihl\u00e1si\u0165 na \u0161t\u00e1tnu sk\u00fa\u0161ku v syst\u00e9me AIS.<\/strong><\/li>\n<\/ul>\n\n\n\n<p class=\"has-black-color has-text-color has-link-color wp-elements-7265c80d20cb57c21b12bfbecf4860da\">N\u00e1vod na prihl\u00e1senie n\u00e1jdete na <strong><a href=\"http:\/\/www.ucm.sk\/sk\/manualy-k-ais\/\">http:\/\/www.ucm.sk\/sk\/manualy-k-ais\/<\/a><\/strong> postup \u010d. 15 &#8211; \u0160t\u00e1tne sk\u00fa\u0161ky \u2013 prihl\u00e1senie. V pr\u00edpade \u0160S konan\u00fdch nieko\u013eko dn\u00ed sa \u0161tudent neprihlasuje na konkr\u00e9tny d\u00e1tum, ten bude spresnen\u00fd pod\u013ea harmonogramu.<\/p>\n\n\n\n<ul class=\"has-black-color has-text-color has-link-color wp-block-list wp-elements-0a18e6e31c73dbb10f79514466b3845c\">\n<li><strong><\/strong><strong>Do AIS-u vlo\u017ei\u0165 z\u00e1vere\u010dn\u00fa pr\u00e1cu &#8211; <\/strong><a href=\"http:\/\/www.ucm.sk\/sk\/manualy-k-ais\/\"><strong>http:\/\/www.ucm.sk\/sk\/manualy-k-ais\/<\/strong><\/a><strong><\/strong><\/li>\n<\/ul>\n\n\n\n<p class=\"has-black-color has-text-color has-link-color wp-elements-b3e456034656667b75893f8a1b0433ba\">Z\u00e1vere\u010dn\u00e1 pr\u00e1ca obsahuje zadanie pr\u00e1ce bez podpisu ved\u00faceho Oddelenia biol\u00f3gie \u00dastavu biol\u00f3gie a biotechnol\u00f3gie.<\/p>\n\n\n\n<p class=\"has-black-color has-text-color has-link-color wp-elements-9976cf5c9945f097e262fe186bcdb2bb\">Smernica rektora o z\u00e1kladn\u00fdch n\u00e1le\u017eitostiach z\u00e1vere\u010dn\u00fdch pr\u00e1c: &nbsp;<\/p>\n\n\n\n<p><a href=\"https:\/\/www.ucm.sk\/docs\/legislativa\/2021\/31_21_Smernica_o_nalezitostiach_zaverecnych_prac.pdf\">https:\/\/www.ucm.sk\/docs\/legislativa\/2021\/31_21_Smernica_o_nalezitostiach_zaverecnych_prac.pdf<\/a><\/p>\n\n\n\n<p class=\"has-black-color has-text-color has-link-color wp-elements-a50958bc3924795fd85e2cbd49d976ba\"><strong>Odovzda\u0165 na sekretari\u00e1te v\u00a0\u0160pa\u010dinciach (p. Machovi\u010dov\u00e1, 102, 1. poschodie):<\/strong><\/p>\n\n\n\n<ul class=\"has-black-color has-text-color has-link-color wp-block-list wp-elements-8a93834cedfdfdb6bfc8456b8f51d1ef\">\n<li>Z AIS-u vytla\u010den\u00e9 a podp\u00edsan\u00e9<strong> 2 kusy licen\u010dnej zmluvy pre CRZP (<\/strong>postup \u010d. 18, I\u010cO UCM: 360 789 13).<\/li>\n\n\n\n<li><strong>1 ks neprepisovate\u013en\u00e9ho CD\/DVD s potla\u010dou samostatne v&nbsp;obale. <\/strong>Elektronick\u00e1 forma \u0161kolsk\u00e9ho diela mus\u00ed&nbsp; by\u0165 z h\u013eadiska obsahu identick\u00e1 a zhodn\u00e1 s verziou vlo\u017eenou v AIS-e. Potla\u010d na CD obsahuje tieto identifik\u00e1tory: Univerzita sv. Cyrila a Metoda v Trnave, Fakulta pr\u00edrodn\u00fdch vied, Oddelenie biol\u00f3gie, n\u00e1zov pr\u00e1ce, typ pr\u00e1ce (bakal\u00e1rska alebo diplomov\u00e1 pr\u00e1ca), meno autora pr\u00e1ce, rok odovzdania pr\u00e1ce.<\/li>\n\n\n\n<li><strong>Vyplnen\u00fa a&nbsp;podp\u00edsan\u00fa prihl\u00e1\u0161ku na \u0161t\u00e1tnu sk\u00fa\u0161ku (2 ks).<\/strong><\/li>\n\n\n\n<li>Formul\u00e1r prihl\u00e1\u0161ky je na: <strong>http:\/\/www.ucm.sk\/docs\/studenti\/tlaciva_a_formulare\/so-f12-prihlaska_na_statnu_skusku.xlsx<\/strong>. Dokument mus\u00ed by\u0165 podp\u00edsan\u00fd aj \u0161kolite\u013eom z\u00e1vere\u010dnej pr\u00e1ce ako forma s\u00fahlasu s predkladan\u00fdm dokumentom na obhajobu a ope\u010diatkovan\u00fd na sekretari\u00e1te ako potvrdenie odovzdania v\u0161etk\u00fdch n\u00e1le\u017eitost\u00ed k \u0160S.<\/li>\n<\/ul>\n\n\n\n<p class=\"has-black-color has-text-color has-link-color wp-elements-56584964240347cafd46eb1b58dc9e8c\"><strong>Skontrolova\u0165 v AISe:<\/strong><\/p>\n\n\n\n<p class=\"has-black-color has-text-color has-link-color wp-elements-2e2bb66e1c2920955e27013fde75a43b\">V\u00fdpis zn\u00e1mok pod\u013ea postupu 10 <a href=\"http:\/\/www.ucm.sk\/sk\/manualy-k-ais\/\"><strong>http:\/\/www.ucm.sk\/sk\/manualy-k-ais\/<\/strong><\/a>\u00a0V\u00a0pr\u00edpade potreby kontaktova\u0165 \u0161tudijn\u00fa referentku Ing. Gabrielu Jan\u010dovi\u010dov\u00fa <strong>gabriela.jancovicova@ucm.sk<\/strong><\/p>\n\n\n\n<p class=\"has-black-color has-text-color has-link-color wp-elements-a103f4d5ef3436a60fc8a29cc8756ef4\">V\u00fdsledok originality pod\u013ea postupu \u010d. 18 <a href=\"http:\/\/www.ucm.sk\/sk\/manualy-k-ais\/\"><strong>http:\/\/www.ucm.sk\/sk\/manualy-k-ais\/<\/strong><\/a><\/p>\n\n\n\n<p class=\"has-black-color has-text-color has-link-color wp-elements-c0c9ee0c31e556ae1e269ba9be46e6bd\">Pr\u00edpadn\u00e9 ot\u00e1zky oh\u013eadne odovzdania z\u00e1vere\u010dnej pr\u00e1ce a\u00a0\u0160S smerujte na na \u00a0tajomn\u00edkov \u0160S: Mgr.- Ing. E. \u00dcrgeov\u00e1, PhD. (<a href=\"mailto:eva.urgeova@ucm.sk\">eva.urgeova@ucm.sk<\/a>); Bc. \u2013 RNDr. Zuzana Ger\u0161i, PhD. (<a href=\"mailto:zuzana.gersi@ucm.sk\">zuzana.gersi@ucm.sk<\/a>)<\/p>","protected":false},"excerpt":{"rendered":"<p>POKYNY PRE \u0160TUDENTOV BAKAL\u00c1RSKEHO A&nbsp;MAGISTERSK\u00c9HO \u0160T\u00daDIA APLIKOVAN\u00c1 BIOL\u00d3GIA K \u0160T\u00c1TNEJ SK\u00da\u0160KE NA FPV UCM KONANEJ V ROKU 2024 Najnesk\u00f4r do 15.05.2024 (1. term\u00edn Bc., Mgr.), resp. 30.06.2024 (2. term\u00edn Bc. a Mgr.) je potrebn\u00e9: N\u00e1vod na prihl\u00e1senie n\u00e1jdete na http:\/\/www.ucm.sk\/sk\/manualy-k-ais\/ postup \u010d. 15 &#8211; \u0160t\u00e1tne sk\u00fa\u0161ky \u2013 prihl\u00e1senie. V pr\u00edpade \u0160S konan\u00fdch nieko\u013eko dn\u00ed sa&hellip; <br \/> <a class=\"read-more\" href=\"https:\/\/oddeleniebiologie.sk\/en\/statne-skusky\/\">Read more<\/a><\/p>","protected":false},"author":1,"featured_media":0,"parent":0,"menu_order":0,"comment_status":"closed","ping_status":"closed","template":"","meta":{"_monsterinsights_skip_tracking":false,"_monsterinsights_sitenote_active":false,"_monsterinsights_sitenote_note":"","_monsterinsights_sitenote_category":0,"ngg_post_thumbnail":0,"footnotes":""},"class_list":["post-4493","page","type-page","status-publish","hentry"],"yoast_head":"<!-- This site is optimized with the Yoast SEO plugin v27.5 - https:\/\/yoast.com\/product\/yoast-seo-wordpress\/ -->\n<title>\u0160t\u00e1tne sk\u00fa\u0161ky - oddeleniebiologie.sk<\/title>\n<meta name=\"robots\" content=\"index, follow, max-snippet:-1, max-image-preview:large, max-video-preview:-1\" \/>\n<link rel=\"canonical\" href=\"https:\/\/oddeleniebiologie.sk\/en\/statne-skusky\/\" \/>\n<meta property=\"og:locale\" content=\"en_US\" \/>\n<meta property=\"og:type\" content=\"article\" \/>\n<meta property=\"og:title\" content=\"\u0160t\u00e1tne sk\u00fa\u0161ky - oddeleniebiologie.sk\" \/>\n<meta property=\"og:description\" content=\"POKYNY PRE \u0160TUDENTOV BAKAL\u00c1RSKEHO A&nbsp;MAGISTERSK\u00c9HO \u0160T\u00daDIA APLIKOVAN\u00c1 BIOL\u00d3GIA K \u0160T\u00c1TNEJ SK\u00da\u0160KE NA FPV UCM KONANEJ V ROKU 2024 Najnesk\u00f4r do 15.05.2024 (1. term\u00edn Bc., Mgr.), resp. 30.06.2024 (2. term\u00edn Bc. a Mgr.) je potrebn\u00e9: N\u00e1vod na prihl\u00e1senie n\u00e1jdete na http:\/\/www.ucm.sk\/sk\/manualy-k-ais\/ postup \u010d. 15 &#8211; \u0160t\u00e1tne sk\u00fa\u0161ky \u2013 prihl\u00e1senie. V pr\u00edpade \u0160S konan\u00fdch nieko\u013eko dn\u00ed sa&hellip; Read more\" \/>\n<meta property=\"og:url\" content=\"https:\/\/oddeleniebiologie.sk\/en\/statne-skusky\/\" \/>\n<meta property=\"og:site_name\" content=\"oddeleniebiologie.sk\" \/>\n<meta property=\"article:modified_time\" content=\"2024-03-18T14:01:24+00:00\" \/>\n<meta name=\"twitter:card\" content=\"summary_large_image\" \/>\n<meta name=\"twitter:label1\" content=\"Est. reading time\" \/>\n\t<meta name=\"twitter:data1\" content=\"2 minutes\" \/>\n<script type=\"application\/ld+json\" class=\"yoast-schema-graph\">{\"@context\":\"https:\\\/\\\/schema.org\",\"@graph\":[{\"@type\":\"WebPage\",\"@id\":\"https:\\\/\\\/oddeleniebiologie.sk\\\/statne-skusky\\\/\",\"url\":\"https:\\\/\\\/oddeleniebiologie.sk\\\/statne-skusky\\\/\",\"name\":\"\u0160t\u00e1tne sk\u00fa\u0161ky - oddeleniebiologie.sk\",\"isPartOf\":{\"@id\":\"https:\\\/\\\/oddeleniebiologie.sk\\\/#website\"},\"datePublished\":\"2024-03-18T13:36:55+00:00\",\"dateModified\":\"2024-03-18T14:01:24+00:00\",\"breadcrumb\":{\"@id\":\"https:\\\/\\\/oddeleniebiologie.sk\\\/statne-skusky\\\/#breadcrumb\"},\"inLanguage\":\"en-US\",\"potentialAction\":[{\"@type\":\"ReadAction\",\"target\":[\"https:\\\/\\\/oddeleniebiologie.sk\\\/statne-skusky\\\/\"]}]},{\"@type\":\"BreadcrumbList\",\"@id\":\"https:\\\/\\\/oddeleniebiologie.sk\\\/statne-skusky\\\/#breadcrumb\",\"itemListElement\":[{\"@type\":\"ListItem\",\"position\":1,\"name\":\"Home\",\"item\":\"https:\\\/\\\/oddeleniebiologie.sk\\\/\"},{\"@type\":\"ListItem\",\"position\":2,\"name\":\"\u0160t\u00e1tne sk\u00fa\u0161ky\"}]},{\"@type\":\"WebSite\",\"@id\":\"https:\\\/\\\/oddeleniebiologie.sk\\\/#website\",\"url\":\"https:\\\/\\\/oddeleniebiologie.sk\\\/\",\"name\":\"oddeleniebiologie.sk\",\"description\":\"Oddelenie biol\u00f3gie\",\"publisher\":{\"@id\":\"https:\\\/\\\/oddeleniebiologie.sk\\\/#organization\"},\"potentialAction\":[{\"@type\":\"SearchAction\",\"target\":{\"@type\":\"EntryPoint\",\"urlTemplate\":\"https:\\\/\\\/oddeleniebiologie.sk\\\/?s={search_term_string}\"},\"query-input\":{\"@type\":\"PropertyValueSpecification\",\"valueRequired\":true,\"valueName\":\"search_term_string\"}}],\"inLanguage\":\"en-US\"},{\"@type\":\"Organization\",\"@id\":\"https:\\\/\\\/oddeleniebiologie.sk\\\/#organization\",\"name\":\"oddeleniebiologie.sk\",\"url\":\"https:\\\/\\\/oddeleniebiologie.sk\\\/\",\"logo\":{\"@type\":\"ImageObject\",\"inLanguage\":\"en-US\",\"@id\":\"https:\\\/\\\/oddeleniebiologie.sk\\\/#\\\/schema\\\/logo\\\/image\\\/\",\"url\":\"https:\\\/\\\/oddeleniebiologie.sk\\\/wp-content\\\/uploads\\\/2023\\\/10\\\/cropped-Oddelenie-biologie.jpg\",\"contentUrl\":\"https:\\\/\\\/oddeleniebiologie.sk\\\/wp-content\\\/uploads\\\/2023\\\/10\\\/cropped-Oddelenie-biologie.jpg\",\"width\":454,\"height\":440,\"caption\":\"oddeleniebiologie.sk\"},\"image\":{\"@id\":\"https:\\\/\\\/oddeleniebiologie.sk\\\/#\\\/schema\\\/logo\\\/image\\\/\"}}]}<\/script>\n<!-- \/ Yoast SEO plugin. -->","yoast_head_json":{"title":"\u0160t\u00e1tne sk\u00fa\u0161ky - oddeleniebiologie.sk","robots":{"index":"index","follow":"follow","max-snippet":"max-snippet:-1","max-image-preview":"max-image-preview:large","max-video-preview":"max-video-preview:-1"},"canonical":"https:\/\/oddeleniebiologie.sk\/en\/statne-skusky\/","og_locale":"en_US","og_type":"article","og_title":"\u0160t\u00e1tne sk\u00fa\u0161ky - oddeleniebiologie.sk","og_description":"POKYNY PRE \u0160TUDENTOV BAKAL\u00c1RSKEHO A&nbsp;MAGISTERSK\u00c9HO \u0160T\u00daDIA APLIKOVAN\u00c1 BIOL\u00d3GIA K \u0160T\u00c1TNEJ SK\u00da\u0160KE NA FPV UCM KONANEJ V ROKU 2024 Najnesk\u00f4r do 15.05.2024 (1. term\u00edn Bc., Mgr.), resp. 30.06.2024 (2. term\u00edn Bc. a Mgr.) je potrebn\u00e9: N\u00e1vod na prihl\u00e1senie n\u00e1jdete na http:\/\/www.ucm.sk\/sk\/manualy-k-ais\/ postup \u010d. 15 &#8211; \u0160t\u00e1tne sk\u00fa\u0161ky \u2013 prihl\u00e1senie. V pr\u00edpade \u0160S konan\u00fdch nieko\u013eko dn\u00ed sa&hellip; Read more","og_url":"https:\/\/oddeleniebiologie.sk\/en\/statne-skusky\/","og_site_name":"oddeleniebiologie.sk","article_modified_time":"2024-03-18T14:01:24+00:00","twitter_card":"summary_large_image","twitter_misc":{"Est. reading time":"2 minutes"},"schema":{"@context":"https:\/\/schema.org","@graph":[{"@type":"WebPage","@id":"https:\/\/oddeleniebiologie.sk\/statne-skusky\/","url":"https:\/\/oddeleniebiologie.sk\/statne-skusky\/","name":"\u0160t\u00e1tne sk\u00fa\u0161ky - oddeleniebiologie.sk","isPartOf":{"@id":"https:\/\/oddeleniebiologie.sk\/#website"},"datePublished":"2024-03-18T13:36:55+00:00","dateModified":"2024-03-18T14:01:24+00:00","breadcrumb":{"@id":"https:\/\/oddeleniebiologie.sk\/statne-skusky\/#breadcrumb"},"inLanguage":"en-US","potentialAction":[{"@type":"ReadAction","target":["https:\/\/oddeleniebiologie.sk\/statne-skusky\/"]}]},{"@type":"BreadcrumbList","@id":"https:\/\/oddeleniebiologie.sk\/statne-skusky\/#breadcrumb","itemListElement":[{"@type":"ListItem","position":1,"name":"Home","item":"https:\/\/oddeleniebiologie.sk\/"},{"@type":"ListItem","position":2,"name":"\u0160t\u00e1tne sk\u00fa\u0161ky"}]},{"@type":"WebSite","@id":"https:\/\/oddeleniebiologie.sk\/#website","url":"https:\/\/oddeleniebiologie.sk\/","name":"oddeleniebiologie.sk","description":"Oddelenie biol\u00f3gie","publisher":{"@id":"https:\/\/oddeleniebiologie.sk\/#organization"},"potentialAction":[{"@type":"SearchAction","target":{"@type":"EntryPoint","urlTemplate":"https:\/\/oddeleniebiologie.sk\/?s={search_term_string}"},"query-input":{"@type":"PropertyValueSpecification","valueRequired":true,"valueName":"search_term_string"}}],"inLanguage":"en-US"},{"@type":"Organization","@id":"https:\/\/oddeleniebiologie.sk\/#organization","name":"oddeleniebiologie.sk","url":"https:\/\/oddeleniebiologie.sk\/","logo":{"@type":"ImageObject","inLanguage":"en-US","@id":"https:\/\/oddeleniebiologie.sk\/#\/schema\/logo\/image\/","url":"https:\/\/oddeleniebiologie.sk\/wp-content\/uploads\/2023\/10\/cropped-Oddelenie-biologie.jpg","contentUrl":"https:\/\/oddeleniebiologie.sk\/wp-content\/uploads\/2023\/10\/cropped-Oddelenie-biologie.jpg","width":454,"height":440,"caption":"oddeleniebiologie.sk"},"image":{"@id":"https:\/\/oddeleniebiologie.sk\/#\/schema\/logo\/image\/"}}]}},"_links":{"self":[{"href":"https:\/\/oddeleniebiologie.sk\/en\/wp-json\/wp\/v2\/pages\/4493","targetHints":{"allow":["GET"]}}],"collection":[{"href":"https:\/\/oddeleniebiologie.sk\/en\/wp-json\/wp\/v2\/pages"}],"about":[{"href":"https:\/\/oddeleniebiologie.sk\/en\/wp-json\/wp\/v2\/types\/page"}],"author":[{"embeddable":true,"href":"https:\/\/oddeleniebiologie.sk\/en\/wp-json\/wp\/v2\/users\/1"}],"replies":[{"embeddable":true,"href":"https:\/\/oddeleniebiologie.sk\/en\/wp-json\/wp\/v2\/comments?post=4493"}],"version-history":[{"count":6,"href":"https:\/\/oddeleniebiologie.sk\/en\/wp-json\/wp\/v2\/pages\/4493\/revisions"}],"predecessor-version":[{"id":4525,"href":"https:\/\/oddeleniebiologie.sk\/en\/wp-json\/wp\/v2\/pages\/4493\/revisions\/4525"}],"wp:attachment":[{"href":"https:\/\/oddeleniebiologie.sk\/en\/wp-json\/wp\/v2\/media?parent=4493"}],"curies":[{"name":"wp","href":"https:\/\/api.w.org\/{rel}","templated":true}]}}