{"id":472,"date":"2021-08-18T12:13:02","date_gmt":"2021-08-18T10:13:02","guid":{"rendered":"https:\/\/katedrabiologie.sk\/?page_id=472"},"modified":"2024-10-13T11:35:49","modified_gmt":"2024-10-13T09:35:49","slug":"poplatky-za-studium","status":"publish","type":"page","link":"https:\/\/oddeleniebiologie.sk\/en\/poplatky-za-studium\/","title":{"rendered":"Poplatky za \u0161t\u00fadium"},"content":{"rendered":"<p><span style=\"background-color:rgba(0, 0, 0, 0)\" class=\"has-inline-color has-black-color\">Poplatky s\u00favisiace so \u0161t\u00fadiom, s prekro\u010den\u00edm \u0161tandardnej d\u013a\u017eky \u0161t\u00fadia, ro\u010dn\u00fdm \u0161koln\u00fdm za s\u00fabe\u017en\u00e9 \u0161t\u00fadium, poplatky za prij\u00edmacie konanie, za vydanie dokladov o \u0161t\u00fadiu, poplatok za rigor\u00f3zne \u0161t\u00fadium a podobne si m\u00f4\u017eete pozrie\u0165 <a href=\"https:\/\/www.ucm.sk\/sk\/studuj-ucm\/skolne-poplatky-spojene-so-studiom\/\" target=\"_blank\" rel=\"noreferrer noopener\">tu<\/a>.<\/span><\/p>\n\n\n\n<p><a href=\"http:\/\/\u0160koln\u00e9 na akademick\u00fd rok 2023\/2024 (extern\u00e9 \u0161t\u00fadium, s\u00fabe\u017en\u00e9 \u0161t\u00fadium a nad\u0161tandardn\u00e9 \u0161t\u00fadium) a\u00a0poplatky\u00a0spojen\u00e9 so \u0161t\u00fadiom na akademick\u00fd rok 2024\/2025\">\u0160koln\u00e9 na akademick\u00fd rok 2023\/2024 (extern\u00e9 \u0161t\u00fadium, s\u00fabe\u017en\u00e9 \u0161t\u00fadium a nad\u0161tandardn\u00e9 \u0161t\u00fadium) a\u00a0poplatky\u00a0spojen\u00e9 so \u0161t\u00fadiom na akademick\u00fd rok 2024\/2025<\/a><\/p>","protected":false},"excerpt":{"rendered":"<p>Poplatky s\u00favisiace so \u0161t\u00fadiom, s prekro\u010den\u00edm \u0161tandardnej d\u013a\u017eky \u0161t\u00fadia, ro\u010dn\u00fdm \u0161koln\u00fdm za s\u00fabe\u017en\u00e9 \u0161t\u00fadium, poplatky za prij\u00edmacie konanie, za vydanie dokladov o \u0161t\u00fadiu, poplatok za rigor\u00f3zne \u0161t\u00fadium a podobne si m\u00f4\u017eete pozrie\u0165 tu. \u0160koln\u00e9 na akademick\u00fd rok 2023\/2024 (extern\u00e9 \u0161t\u00fadium, s\u00fabe\u017en\u00e9 \u0161t\u00fadium a nad\u0161tandardn\u00e9 \u0161t\u00fadium) a\u00a0poplatky\u00a0spojen\u00e9 so \u0161t\u00fadiom na akademick\u00fd rok 2024\/2025<\/p>","protected":false},"author":1,"featured_media":0,"parent":0,"menu_order":0,"comment_status":"closed","ping_status":"closed","template":"","meta":{"_monsterinsights_skip_tracking":false,"_monsterinsights_sitenote_active":false,"_monsterinsights_sitenote_note":"","_monsterinsights_sitenote_category":0,"ngg_post_thumbnail":0,"footnotes":""},"class_list":["post-472","page","type-page","status-publish","hentry"],"yoast_head":"<!-- This site is optimized with the Yoast SEO plugin v27.5 - https:\/\/yoast.com\/product\/yoast-seo-wordpress\/ -->\n<title>Poplatky za \u0161t\u00fadium - oddeleniebiologie.sk<\/title>\n<meta name=\"robots\" content=\"index, follow, max-snippet:-1, max-image-preview:large, max-video-preview:-1\" \/>\n<link rel=\"canonical\" href=\"https:\/\/oddeleniebiologie.sk\/en\/poplatky-za-studium\/\" \/>\n<meta property=\"og:locale\" content=\"en_US\" \/>\n<meta property=\"og:type\" content=\"article\" \/>\n<meta property=\"og:title\" content=\"Poplatky za \u0161t\u00fadium - oddeleniebiologie.sk\" \/>\n<meta property=\"og:description\" content=\"Poplatky s\u00favisiace so \u0161t\u00fadiom, s prekro\u010den\u00edm \u0161tandardnej d\u013a\u017eky \u0161t\u00fadia, ro\u010dn\u00fdm \u0161koln\u00fdm za s\u00fabe\u017en\u00e9 \u0161t\u00fadium, poplatky za prij\u00edmacie konanie, za vydanie dokladov o \u0161t\u00fadiu, poplatok za rigor\u00f3zne \u0161t\u00fadium a podobne si m\u00f4\u017eete pozrie\u0165 tu. \u0160koln\u00e9 na akademick\u00fd rok 2023\/2024 (extern\u00e9 \u0161t\u00fadium, s\u00fabe\u017en\u00e9 \u0161t\u00fadium a nad\u0161tandardn\u00e9 \u0161t\u00fadium) a\u00a0poplatky\u00a0spojen\u00e9 so \u0161t\u00fadiom na akademick\u00fd rok 2024\/2025\" \/>\n<meta property=\"og:url\" content=\"https:\/\/oddeleniebiologie.sk\/en\/poplatky-za-studium\/\" \/>\n<meta property=\"og:site_name\" content=\"oddeleniebiologie.sk\" \/>\n<meta property=\"article:modified_time\" content=\"2024-10-13T09:35:49+00:00\" \/>\n<meta name=\"twitter:card\" content=\"summary_large_image\" \/>\n<meta name=\"twitter:label1\" content=\"Est. reading time\" \/>\n\t<meta name=\"twitter:data1\" content=\"1 minute\" \/>\n<script type=\"application\/ld+json\" class=\"yoast-schema-graph\">{\"@context\":\"https:\\\/\\\/schema.org\",\"@graph\":[{\"@type\":\"WebPage\",\"@id\":\"https:\\\/\\\/oddeleniebiologie.sk\\\/poplatky-za-studium\\\/\",\"url\":\"https:\\\/\\\/oddeleniebiologie.sk\\\/poplatky-za-studium\\\/\",\"name\":\"Poplatky za \u0161t\u00fadium - oddeleniebiologie.sk\",\"isPartOf\":{\"@id\":\"https:\\\/\\\/oddeleniebiologie.sk\\\/#website\"},\"datePublished\":\"2021-08-18T10:13:02+00:00\",\"dateModified\":\"2024-10-13T09:35:49+00:00\",\"breadcrumb\":{\"@id\":\"https:\\\/\\\/oddeleniebiologie.sk\\\/poplatky-za-studium\\\/#breadcrumb\"},\"inLanguage\":\"en-US\",\"potentialAction\":[{\"@type\":\"ReadAction\",\"target\":[\"https:\\\/\\\/oddeleniebiologie.sk\\\/poplatky-za-studium\\\/\"]}]},{\"@type\":\"BreadcrumbList\",\"@id\":\"https:\\\/\\\/oddeleniebiologie.sk\\\/poplatky-za-studium\\\/#breadcrumb\",\"itemListElement\":[{\"@type\":\"ListItem\",\"position\":1,\"name\":\"Home\",\"item\":\"https:\\\/\\\/oddeleniebiologie.sk\\\/\"},{\"@type\":\"ListItem\",\"position\":2,\"name\":\"Poplatky za \u0161t\u00fadium\"}]},{\"@type\":\"WebSite\",\"@id\":\"https:\\\/\\\/oddeleniebiologie.sk\\\/#website\",\"url\":\"https:\\\/\\\/oddeleniebiologie.sk\\\/\",\"name\":\"oddeleniebiologie.sk\",\"description\":\"Oddelenie biol\u00f3gie\",\"publisher\":{\"@id\":\"https:\\\/\\\/oddeleniebiologie.sk\\\/#organization\"},\"potentialAction\":[{\"@type\":\"SearchAction\",\"target\":{\"@type\":\"EntryPoint\",\"urlTemplate\":\"https:\\\/\\\/oddeleniebiologie.sk\\\/?s={search_term_string}\"},\"query-input\":{\"@type\":\"PropertyValueSpecification\",\"valueRequired\":true,\"valueName\":\"search_term_string\"}}],\"inLanguage\":\"en-US\"},{\"@type\":\"Organization\",\"@id\":\"https:\\\/\\\/oddeleniebiologie.sk\\\/#organization\",\"name\":\"oddeleniebiologie.sk\",\"url\":\"https:\\\/\\\/oddeleniebiologie.sk\\\/\",\"logo\":{\"@type\":\"ImageObject\",\"inLanguage\":\"en-US\",\"@id\":\"https:\\\/\\\/oddeleniebiologie.sk\\\/#\\\/schema\\\/logo\\\/image\\\/\",\"url\":\"https:\\\/\\\/oddeleniebiologie.sk\\\/wp-content\\\/uploads\\\/2023\\\/10\\\/cropped-Oddelenie-biologie.jpg\",\"contentUrl\":\"https:\\\/\\\/oddeleniebiologie.sk\\\/wp-content\\\/uploads\\\/2023\\\/10\\\/cropped-Oddelenie-biologie.jpg\",\"width\":454,\"height\":440,\"caption\":\"oddeleniebiologie.sk\"},\"image\":{\"@id\":\"https:\\\/\\\/oddeleniebiologie.sk\\\/#\\\/schema\\\/logo\\\/image\\\/\"}}]}<\/script>\n<!-- \/ Yoast SEO plugin. -->","yoast_head_json":{"title":"Poplatky za \u0161t\u00fadium - oddeleniebiologie.sk","robots":{"index":"index","follow":"follow","max-snippet":"max-snippet:-1","max-image-preview":"max-image-preview:large","max-video-preview":"max-video-preview:-1"},"canonical":"https:\/\/oddeleniebiologie.sk\/en\/poplatky-za-studium\/","og_locale":"en_US","og_type":"article","og_title":"Poplatky za \u0161t\u00fadium - oddeleniebiologie.sk","og_description":"Poplatky s\u00favisiace so \u0161t\u00fadiom, s prekro\u010den\u00edm \u0161tandardnej d\u013a\u017eky \u0161t\u00fadia, ro\u010dn\u00fdm \u0161koln\u00fdm za s\u00fabe\u017en\u00e9 \u0161t\u00fadium, poplatky za prij\u00edmacie konanie, za vydanie dokladov o \u0161t\u00fadiu, poplatok za rigor\u00f3zne \u0161t\u00fadium a podobne si m\u00f4\u017eete pozrie\u0165 tu. \u0160koln\u00e9 na akademick\u00fd rok 2023\/2024 (extern\u00e9 \u0161t\u00fadium, s\u00fabe\u017en\u00e9 \u0161t\u00fadium a nad\u0161tandardn\u00e9 \u0161t\u00fadium) a\u00a0poplatky\u00a0spojen\u00e9 so \u0161t\u00fadiom na akademick\u00fd rok 2024\/2025","og_url":"https:\/\/oddeleniebiologie.sk\/en\/poplatky-za-studium\/","og_site_name":"oddeleniebiologie.sk","article_modified_time":"2024-10-13T09:35:49+00:00","twitter_card":"summary_large_image","twitter_misc":{"Est. reading time":"1 minute"},"schema":{"@context":"https:\/\/schema.org","@graph":[{"@type":"WebPage","@id":"https:\/\/oddeleniebiologie.sk\/poplatky-za-studium\/","url":"https:\/\/oddeleniebiologie.sk\/poplatky-za-studium\/","name":"Poplatky za \u0161t\u00fadium - oddeleniebiologie.sk","isPartOf":{"@id":"https:\/\/oddeleniebiologie.sk\/#website"},"datePublished":"2021-08-18T10:13:02+00:00","dateModified":"2024-10-13T09:35:49+00:00","breadcrumb":{"@id":"https:\/\/oddeleniebiologie.sk\/poplatky-za-studium\/#breadcrumb"},"inLanguage":"en-US","potentialAction":[{"@type":"ReadAction","target":["https:\/\/oddeleniebiologie.sk\/poplatky-za-studium\/"]}]},{"@type":"BreadcrumbList","@id":"https:\/\/oddeleniebiologie.sk\/poplatky-za-studium\/#breadcrumb","itemListElement":[{"@type":"ListItem","position":1,"name":"Home","item":"https:\/\/oddeleniebiologie.sk\/"},{"@type":"ListItem","position":2,"name":"Poplatky za \u0161t\u00fadium"}]},{"@type":"WebSite","@id":"https:\/\/oddeleniebiologie.sk\/#website","url":"https:\/\/oddeleniebiologie.sk\/","name":"oddeleniebiologie.sk","description":"Oddelenie biol\u00f3gie","publisher":{"@id":"https:\/\/oddeleniebiologie.sk\/#organization"},"potentialAction":[{"@type":"SearchAction","target":{"@type":"EntryPoint","urlTemplate":"https:\/\/oddeleniebiologie.sk\/?s={search_term_string}"},"query-input":{"@type":"PropertyValueSpecification","valueRequired":true,"valueName":"search_term_string"}}],"inLanguage":"en-US"},{"@type":"Organization","@id":"https:\/\/oddeleniebiologie.sk\/#organization","name":"oddeleniebiologie.sk","url":"https:\/\/oddeleniebiologie.sk\/","logo":{"@type":"ImageObject","inLanguage":"en-US","@id":"https:\/\/oddeleniebiologie.sk\/#\/schema\/logo\/image\/","url":"https:\/\/oddeleniebiologie.sk\/wp-content\/uploads\/2023\/10\/cropped-Oddelenie-biologie.jpg","contentUrl":"https:\/\/oddeleniebiologie.sk\/wp-content\/uploads\/2023\/10\/cropped-Oddelenie-biologie.jpg","width":454,"height":440,"caption":"oddeleniebiologie.sk"},"image":{"@id":"https:\/\/oddeleniebiologie.sk\/#\/schema\/logo\/image\/"}}]}},"_links":{"self":[{"href":"https:\/\/oddeleniebiologie.sk\/en\/wp-json\/wp\/v2\/pages\/472","targetHints":{"allow":["GET"]}}],"collection":[{"href":"https:\/\/oddeleniebiologie.sk\/en\/wp-json\/wp\/v2\/pages"}],"about":[{"href":"https:\/\/oddeleniebiologie.sk\/en\/wp-json\/wp\/v2\/types\/page"}],"author":[{"embeddable":true,"href":"https:\/\/oddeleniebiologie.sk\/en\/wp-json\/wp\/v2\/users\/1"}],"replies":[{"embeddable":true,"href":"https:\/\/oddeleniebiologie.sk\/en\/wp-json\/wp\/v2\/comments?post=472"}],"version-history":[{"count":5,"href":"https:\/\/oddeleniebiologie.sk\/en\/wp-json\/wp\/v2\/pages\/472\/revisions"}],"predecessor-version":[{"id":4747,"href":"https:\/\/oddeleniebiologie.sk\/en\/wp-json\/wp\/v2\/pages\/472\/revisions\/4747"}],"wp:attachment":[{"href":"https:\/\/oddeleniebiologie.sk\/en\/wp-json\/wp\/v2\/media?parent=472"}],"curies":[{"name":"wp","href":"https:\/\/api.w.org\/{rel}","templated":true}]}}