{"id":4901,"date":"2025-10-06T13:07:47","date_gmt":"2025-10-06T11:07:47","guid":{"rendered":"https:\/\/oddeleniebiologie.sk\/?page_id=4901"},"modified":"2025-10-06T13:12:27","modified_gmt":"2025-10-06T11:12:27","slug":"templaty-pre-pisanie-semestralnych-prac-a-protokolov","status":"publish","type":"page","link":"https:\/\/oddeleniebiologie.sk\/en\/templaty-pre-pisanie-semestralnych-prac-a-protokolov\/","title":{"rendered":"Templ\u00e1ty pre p\u00edsanie semestr\u00e1lnych pr\u00e1c a protokolov"},"content":{"rendered":"<p><mark style=\"background-color:rgba(0, 0, 0, 0)\" class=\"has-inline-color has-black-color\">V tejto sekcii n\u00e1jdete v\u017edy aktu\u00e1lne templ\u00e1ty pre p\u00edsanie semestr\u00e1lnych pr\u00e1c, bakal\u00e1rskeho projektu a protokolov laborat\u00f3rnych cvi\u010den\u00ed, ktor\u00e9 si m\u00f4\u017eete stiahnu\u0165 tu:<\/mark><\/p>\n\n\n\n<p><strong><mark style=\"background-color:rgba(0, 0, 0, 0)\" class=\"has-inline-color has-black-color\"><a href=\"https:\/\/oddeleniebiologie.sk\/wp-content\/uploads\/2025\/10\/Templat_Semestralna-praca_2025.docx\">Templ\u00e1t Semestr\u00e1lna pr\u00e1ca I\/II\/III<\/a><\/mark><\/strong><\/p>\n\n\n\n<p><strong><mark style=\"background-color:rgba(0, 0, 0, 0)\" class=\"has-inline-color has-black-color\"><a href=\"https:\/\/oddeleniebiologie.sk\/wp-content\/uploads\/2025\/10\/Templat_Bakalarsky-projekt_2025.docx\">Templ\u00e1t Bakal\u00e1rsky projekt I\/II<\/a><\/mark><\/strong><\/p>\n\n\n\n<p><strong><mark style=\"background-color:rgba(0, 0, 0, 0)\" class=\"has-inline-color has-black-color\"><a href=\"https:\/\/oddeleniebiologie.sk\/wp-content\/uploads\/2025\/10\/Templat_Protokol-na-laboratorne-cvicenia-v-SP-Aplikovana-biologia.docx\">Templ\u00e1t Protokol na laborat\u00f3rne cvi\u010denia<\/a><\/mark><\/strong><\/p>\n\n\n\n<p><\/p>","protected":false},"excerpt":{"rendered":"<p>V tejto sekcii n\u00e1jdete v\u017edy aktu\u00e1lne templ\u00e1ty pre p\u00edsanie semestr\u00e1lnych pr\u00e1c, bakal\u00e1rskeho projektu a protokolov laborat\u00f3rnych cvi\u010den\u00ed, ktor\u00e9 si m\u00f4\u017eete stiahnu\u0165 tu: Templ\u00e1t Semestr\u00e1lna pr\u00e1ca I\/II\/III Templ\u00e1t Bakal\u00e1rsky projekt I\/II Templ\u00e1t Protokol na laborat\u00f3rne cvi\u010denia<\/p>","protected":false},"author":1,"featured_media":0,"parent":0,"menu_order":0,"comment_status":"closed","ping_status":"closed","template":"","meta":{"_monsterinsights_skip_tracking":false,"_monsterinsights_sitenote_active":false,"_monsterinsights_sitenote_note":"","_monsterinsights_sitenote_category":0,"ngg_post_thumbnail":0,"footnotes":""},"class_list":["post-4901","page","type-page","status-publish","hentry"],"yoast_head":"<!-- This site is optimized with the Yoast SEO plugin v27.5 - https:\/\/yoast.com\/product\/yoast-seo-wordpress\/ -->\n<title>Templ\u00e1ty pre p\u00edsanie semestr\u00e1lnych pr\u00e1c a protokolov - oddeleniebiologie.sk<\/title>\n<meta name=\"robots\" content=\"index, follow, max-snippet:-1, max-image-preview:large, max-video-preview:-1\" \/>\n<link rel=\"canonical\" href=\"https:\/\/oddeleniebiologie.sk\/en\/templaty-pre-pisanie-semestralnych-prac-a-protokolov\/\" \/>\n<meta property=\"og:locale\" content=\"en_US\" \/>\n<meta property=\"og:type\" content=\"article\" \/>\n<meta property=\"og:title\" content=\"Templ\u00e1ty pre p\u00edsanie semestr\u00e1lnych pr\u00e1c a protokolov - oddeleniebiologie.sk\" \/>\n<meta property=\"og:description\" content=\"V tejto sekcii n\u00e1jdete v\u017edy aktu\u00e1lne templ\u00e1ty pre p\u00edsanie semestr\u00e1lnych pr\u00e1c, bakal\u00e1rskeho projektu a protokolov laborat\u00f3rnych cvi\u010den\u00ed, ktor\u00e9 si m\u00f4\u017eete stiahnu\u0165 tu: Templ\u00e1t Semestr\u00e1lna pr\u00e1ca I\/II\/III Templ\u00e1t Bakal\u00e1rsky projekt I\/II Templ\u00e1t Protokol na laborat\u00f3rne cvi\u010denia\" \/>\n<meta property=\"og:url\" content=\"https:\/\/oddeleniebiologie.sk\/en\/templaty-pre-pisanie-semestralnych-prac-a-protokolov\/\" \/>\n<meta property=\"og:site_name\" content=\"oddeleniebiologie.sk\" \/>\n<meta property=\"article:modified_time\" content=\"2025-10-06T11:12:27+00:00\" \/>\n<meta name=\"twitter:card\" content=\"summary_large_image\" \/>\n<meta name=\"twitter:label1\" content=\"Est. reading time\" \/>\n\t<meta name=\"twitter:data1\" content=\"1 minute\" \/>\n<script type=\"application\/ld+json\" class=\"yoast-schema-graph\">{\"@context\":\"https:\\\/\\\/schema.org\",\"@graph\":[{\"@type\":\"WebPage\",\"@id\":\"https:\\\/\\\/oddeleniebiologie.sk\\\/templaty-pre-pisanie-semestralnych-prac-a-protokolov\\\/\",\"url\":\"https:\\\/\\\/oddeleniebiologie.sk\\\/templaty-pre-pisanie-semestralnych-prac-a-protokolov\\\/\",\"name\":\"Templ\u00e1ty pre p\u00edsanie semestr\u00e1lnych pr\u00e1c a protokolov - oddeleniebiologie.sk\",\"isPartOf\":{\"@id\":\"https:\\\/\\\/oddeleniebiologie.sk\\\/#website\"},\"datePublished\":\"2025-10-06T11:07:47+00:00\",\"dateModified\":\"2025-10-06T11:12:27+00:00\",\"breadcrumb\":{\"@id\":\"https:\\\/\\\/oddeleniebiologie.sk\\\/templaty-pre-pisanie-semestralnych-prac-a-protokolov\\\/#breadcrumb\"},\"inLanguage\":\"en-US\",\"potentialAction\":[{\"@type\":\"ReadAction\",\"target\":[\"https:\\\/\\\/oddeleniebiologie.sk\\\/templaty-pre-pisanie-semestralnych-prac-a-protokolov\\\/\"]}]},{\"@type\":\"BreadcrumbList\",\"@id\":\"https:\\\/\\\/oddeleniebiologie.sk\\\/templaty-pre-pisanie-semestralnych-prac-a-protokolov\\\/#breadcrumb\",\"itemListElement\":[{\"@type\":\"ListItem\",\"position\":1,\"name\":\"Home\",\"item\":\"https:\\\/\\\/oddeleniebiologie.sk\\\/\"},{\"@type\":\"ListItem\",\"position\":2,\"name\":\"Templ\u00e1ty pre p\u00edsanie semestr\u00e1lnych pr\u00e1c a protokolov\"}]},{\"@type\":\"WebSite\",\"@id\":\"https:\\\/\\\/oddeleniebiologie.sk\\\/#website\",\"url\":\"https:\\\/\\\/oddeleniebiologie.sk\\\/\",\"name\":\"oddeleniebiologie.sk\",\"description\":\"Oddelenie biol\u00f3gie\",\"publisher\":{\"@id\":\"https:\\\/\\\/oddeleniebiologie.sk\\\/#organization\"},\"potentialAction\":[{\"@type\":\"SearchAction\",\"target\":{\"@type\":\"EntryPoint\",\"urlTemplate\":\"https:\\\/\\\/oddeleniebiologie.sk\\\/?s={search_term_string}\"},\"query-input\":{\"@type\":\"PropertyValueSpecification\",\"valueRequired\":true,\"valueName\":\"search_term_string\"}}],\"inLanguage\":\"en-US\"},{\"@type\":\"Organization\",\"@id\":\"https:\\\/\\\/oddeleniebiologie.sk\\\/#organization\",\"name\":\"oddeleniebiologie.sk\",\"url\":\"https:\\\/\\\/oddeleniebiologie.sk\\\/\",\"logo\":{\"@type\":\"ImageObject\",\"inLanguage\":\"en-US\",\"@id\":\"https:\\\/\\\/oddeleniebiologie.sk\\\/#\\\/schema\\\/logo\\\/image\\\/\",\"url\":\"https:\\\/\\\/oddeleniebiologie.sk\\\/wp-content\\\/uploads\\\/2023\\\/10\\\/cropped-Oddelenie-biologie.jpg\",\"contentUrl\":\"https:\\\/\\\/oddeleniebiologie.sk\\\/wp-content\\\/uploads\\\/2023\\\/10\\\/cropped-Oddelenie-biologie.jpg\",\"width\":454,\"height\":440,\"caption\":\"oddeleniebiologie.sk\"},\"image\":{\"@id\":\"https:\\\/\\\/oddeleniebiologie.sk\\\/#\\\/schema\\\/logo\\\/image\\\/\"}}]}<\/script>\n<!-- \/ Yoast SEO plugin. -->","yoast_head_json":{"title":"Templ\u00e1ty pre p\u00edsanie semestr\u00e1lnych pr\u00e1c a protokolov - oddeleniebiologie.sk","robots":{"index":"index","follow":"follow","max-snippet":"max-snippet:-1","max-image-preview":"max-image-preview:large","max-video-preview":"max-video-preview:-1"},"canonical":"https:\/\/oddeleniebiologie.sk\/en\/templaty-pre-pisanie-semestralnych-prac-a-protokolov\/","og_locale":"en_US","og_type":"article","og_title":"Templ\u00e1ty pre p\u00edsanie semestr\u00e1lnych pr\u00e1c a protokolov - oddeleniebiologie.sk","og_description":"V tejto sekcii n\u00e1jdete v\u017edy aktu\u00e1lne templ\u00e1ty pre p\u00edsanie semestr\u00e1lnych pr\u00e1c, bakal\u00e1rskeho projektu a protokolov laborat\u00f3rnych cvi\u010den\u00ed, ktor\u00e9 si m\u00f4\u017eete stiahnu\u0165 tu: Templ\u00e1t Semestr\u00e1lna pr\u00e1ca I\/II\/III Templ\u00e1t Bakal\u00e1rsky projekt I\/II Templ\u00e1t Protokol na laborat\u00f3rne cvi\u010denia","og_url":"https:\/\/oddeleniebiologie.sk\/en\/templaty-pre-pisanie-semestralnych-prac-a-protokolov\/","og_site_name":"oddeleniebiologie.sk","article_modified_time":"2025-10-06T11:12:27+00:00","twitter_card":"summary_large_image","twitter_misc":{"Est. reading time":"1 minute"},"schema":{"@context":"https:\/\/schema.org","@graph":[{"@type":"WebPage","@id":"https:\/\/oddeleniebiologie.sk\/templaty-pre-pisanie-semestralnych-prac-a-protokolov\/","url":"https:\/\/oddeleniebiologie.sk\/templaty-pre-pisanie-semestralnych-prac-a-protokolov\/","name":"Templ\u00e1ty pre p\u00edsanie semestr\u00e1lnych pr\u00e1c a protokolov - oddeleniebiologie.sk","isPartOf":{"@id":"https:\/\/oddeleniebiologie.sk\/#website"},"datePublished":"2025-10-06T11:07:47+00:00","dateModified":"2025-10-06T11:12:27+00:00","breadcrumb":{"@id":"https:\/\/oddeleniebiologie.sk\/templaty-pre-pisanie-semestralnych-prac-a-protokolov\/#breadcrumb"},"inLanguage":"en-US","potentialAction":[{"@type":"ReadAction","target":["https:\/\/oddeleniebiologie.sk\/templaty-pre-pisanie-semestralnych-prac-a-protokolov\/"]}]},{"@type":"BreadcrumbList","@id":"https:\/\/oddeleniebiologie.sk\/templaty-pre-pisanie-semestralnych-prac-a-protokolov\/#breadcrumb","itemListElement":[{"@type":"ListItem","position":1,"name":"Home","item":"https:\/\/oddeleniebiologie.sk\/"},{"@type":"ListItem","position":2,"name":"Templ\u00e1ty pre p\u00edsanie semestr\u00e1lnych pr\u00e1c a protokolov"}]},{"@type":"WebSite","@id":"https:\/\/oddeleniebiologie.sk\/#website","url":"https:\/\/oddeleniebiologie.sk\/","name":"oddeleniebiologie.sk","description":"Oddelenie biol\u00f3gie","publisher":{"@id":"https:\/\/oddeleniebiologie.sk\/#organization"},"potentialAction":[{"@type":"SearchAction","target":{"@type":"EntryPoint","urlTemplate":"https:\/\/oddeleniebiologie.sk\/?s={search_term_string}"},"query-input":{"@type":"PropertyValueSpecification","valueRequired":true,"valueName":"search_term_string"}}],"inLanguage":"en-US"},{"@type":"Organization","@id":"https:\/\/oddeleniebiologie.sk\/#organization","name":"oddeleniebiologie.sk","url":"https:\/\/oddeleniebiologie.sk\/","logo":{"@type":"ImageObject","inLanguage":"en-US","@id":"https:\/\/oddeleniebiologie.sk\/#\/schema\/logo\/image\/","url":"https:\/\/oddeleniebiologie.sk\/wp-content\/uploads\/2023\/10\/cropped-Oddelenie-biologie.jpg","contentUrl":"https:\/\/oddeleniebiologie.sk\/wp-content\/uploads\/2023\/10\/cropped-Oddelenie-biologie.jpg","width":454,"height":440,"caption":"oddeleniebiologie.sk"},"image":{"@id":"https:\/\/oddeleniebiologie.sk\/#\/schema\/logo\/image\/"}}]}},"_links":{"self":[{"href":"https:\/\/oddeleniebiologie.sk\/en\/wp-json\/wp\/v2\/pages\/4901","targetHints":{"allow":["GET"]}}],"collection":[{"href":"https:\/\/oddeleniebiologie.sk\/en\/wp-json\/wp\/v2\/pages"}],"about":[{"href":"https:\/\/oddeleniebiologie.sk\/en\/wp-json\/wp\/v2\/types\/page"}],"author":[{"embeddable":true,"href":"https:\/\/oddeleniebiologie.sk\/en\/wp-json\/wp\/v2\/users\/1"}],"replies":[{"embeddable":true,"href":"https:\/\/oddeleniebiologie.sk\/en\/wp-json\/wp\/v2\/comments?post=4901"}],"version-history":[{"count":4,"href":"https:\/\/oddeleniebiologie.sk\/en\/wp-json\/wp\/v2\/pages\/4901\/revisions"}],"predecessor-version":[{"id":4909,"href":"https:\/\/oddeleniebiologie.sk\/en\/wp-json\/wp\/v2\/pages\/4901\/revisions\/4909"}],"wp:attachment":[{"href":"https:\/\/oddeleniebiologie.sk\/en\/wp-json\/wp\/v2\/media?parent=4901"}],"curies":[{"name":"wp","href":"https:\/\/api.w.org\/{rel}","templated":true}]}}