{"id":662,"date":"2021-08-18T15:55:41","date_gmt":"2021-08-18T13:55:41","guid":{"rendered":"https:\/\/katedrabiologie.sk\/?page_id=662"},"modified":"2025-11-24T13:27:02","modified_gmt":"2025-11-24T12:27:02","slug":"ais2","status":"publish","type":"page","link":"https:\/\/oddeleniebiologie.sk\/en\/ais2\/","title":{"rendered":"AIS2"},"content":{"rendered":"<h2 class=\"wp-block-heading\"><a href=\"https:\/\/ais2.ucm.sk\/ais\/portal\/changeLocale.do?locale=SK\" rel=\"noreferrer noopener\" target=\"_blank\">https:\/\/ais2.ucm.sk\/ais\/portal\/changeLocale.do?locale=SK<\/a><\/h2>\n\n\n\n<p class=\"has-black-color has-text-color has-link-color wp-elements-02a80c79b4334342136461e2d83f3643\"><span class=\"has-inline-color has-black-color\">Na UCM sa v\u0161etky vzdel\u00e1vacie aktivity realizuj\u00fa prostredn\u00edctvom akademick\u00e9ho informa\u010dn\u00e9ho syst\u00e9mu&nbsp;<strong>AIS<\/strong>, ktor\u00fd roz\u0161iruje podporu informa\u010dn\u00fdch a komunika\u010dn\u00fdch technol\u00f3gi\u00ed nielen na oblas\u0165 vzdel\u00e1vania, ale aj na oblas\u0165 vedy a v\u00fdskumu, evidencie publika\u010dnej a \u010fal\u0161\u00edch \u010dinnost\u00ed. N\u00e1vody na pr\u00e1ce s AIS s\u00fa rozdelen\u00e9 na viacer\u00e9 postupy, z ktor\u00fdch je mo\u017en\u00e9 vybra\u0165 Vami h\u013eadan\u00e9 inform\u00e1cie.&nbsp;<\/span><\/p>\n\n\n\n<h2 class=\"wp-block-heading has-black-color has-text-color has-link-color wp-elements-d2d27591a14617a92b063174ba5c725e\">\u00davod<\/h2>\n\n\n\n<p class=\"has-black-color has-text-color has-link-color wp-elements-98319f183a9361a54dc0c3cfbd42e285\"><strong><span class=\"has-inline-color has-black-color\">1. <\/span><\/strong><span class=\"has-inline-color has-black-color\"><a href=\"https:\/\/oddeleniebiologie.sk\/wp-content\/uploads\/2025\/11\/postup01_prihlasenie_zmenahesla20250423.pdf\">Prihl\u00e1senie do AIS a zmena hesla<\/a><\/span><\/p>\n\n\n\n<p class=\"has-black-color has-text-color has-link-color wp-elements-56b0da5e39800c64a3efc22b5c3c2e53\"><strong><span class=\"has-inline-color has-black-color\">2. <\/span><\/strong><span class=\"has-inline-color has-black-color\"><a href=\"https:\/\/oddeleniebiologie.sk\/wp-content\/uploads\/2025\/11\/postup02_osudajezmenamailupridanieibanu20250423.pdf\">Zobrazenie osobn\u00fdch \u00fadajov,&nbsp;&nbsp;zmena e-mailu&nbsp;a\u202ftelef\u00f3nu,&nbsp;pridanie IBANu<\/a><\/span><\/p>\n\n\n\n<h2 class=\"wp-block-heading has-black-color has-text-color has-link-color wp-elements-f84d67eef1c9d1459e1c68a7fcb07a60\">Uch\u00e1dza\u010di<\/h2>\n\n\n\n<p class=\"has-black-color has-text-color has-link-color wp-elements-d089178fcc2a946289e3de6f98480c8d\"><strong><span class=\"has-inline-color has-black-color\">3. <\/span><\/strong><span class=\"has-inline-color has-black-color\"><a href=\"https:\/\/oddeleniebiologie.sk\/wp-content\/uploads\/2025\/11\/postup03_eprihlas_ais.pdf\">Podanie elektronickej prihl\u00e1\u0161ky<\/a><\/span><\/p>\n\n\n\n<p class=\"has-black-color has-text-color has-link-color wp-elements-775a59b23ca34a95748a68fe271925d4\"><span class=\"has-inline-color has-black-color\"><strong>4. <\/strong><a href=\"https:\/\/oddeleniebiologie.sk\/wp-content\/uploads\/2025\/11\/postup04_enavratka_ais.pdf\">Elektronick\u00e1 n\u00e1vratka&nbsp;<\/a><\/span><\/p>\n\n\n\n<p class=\"has-black-color has-text-color has-link-color wp-elements-57685977404917adea786d963f193d76\"><strong><span class=\"has-inline-color has-black-color\">5. <\/span><\/strong><span class=\"has-inline-color has-black-color\"><a href=\"https:\/\/oddeleniebiologie.sk\/wp-content\/uploads\/2025\/11\/postup05_uchadzacipredzapis20250424.pdf\">Z\u00e1pis uch\u00e1dza\u010da<\/a><\/span><\/p>\n\n\n\n<p class=\"has-black-color has-text-color has-link-color wp-elements-fb208c45ce4aa1d599a653613beff4f9\"><strong><span class=\"has-inline-color has-black-color\">6. <\/span><\/strong><span class=\"has-inline-color has-black-color\"><a href=\"https:\/\/oddeleniebiologie.sk\/wp-content\/uploads\/2025\/11\/postup06_ubytovanieziadost20250409.pdf\">Ubytovanie &#8211; \u017eiados\u0165<\/a><\/span><\/p>\n\n\n\n<h2 class=\"wp-block-heading has-black-color has-text-color has-link-color wp-elements-bc19b7f9ee1b22ef4851b3be3ff69c41\">\u0160tudenti UCM<\/h2>\n\n\n\n<h3 class=\"wp-block-heading has-black-color has-text-color has-link-color wp-elements-90543309f5c0684ab35ae99f1ab4c247\">Z\u00e1pis:<\/h3>\n\n\n\n<p class=\"has-black-color has-text-color has-link-color wp-elements-4bf85cb874bae91a33db2d04cbbfe41f\"><strong><span class=\"has-inline-color has-black-color\">7. <\/span><\/strong><span class=\"has-inline-color has-black-color\"><a href=\"https:\/\/oddeleniebiologie.sk\/wp-content\/uploads\/2025\/11\/postup07_predzapis.pdf\">Tvorba z\u00e1pisn\u00e9ho listu a\u202fpredz\u00e1pis<\/a><\/span><\/p>\n\n\n\n<p class=\"has-black-color has-text-color has-link-color wp-elements-7f85abf43982fa5539b0943dcf133308\"><span class=\"has-inline-color has-black-color\"><strong>8. <\/strong><a href=\"https:\/\/oddeleniebiologie.sk\/wp-content\/uploads\/2025\/11\/postup08_mojzapis20250424.pdf\">M\u00f4j z\u00e1pis &#8211; postup<\/a><\/span><\/p>\n\n\n\n<h3 class=\"wp-block-heading has-black-color has-text-color has-link-color wp-elements-a6b817fcf651aa9b29d0068e532c72b8\">Sk\u00fa\u0161ky:<\/h3>\n\n\n\n<p class=\"has-black-color has-text-color has-link-color wp-elements-894b9ae599e0273c7587b1b48c0b6c29\"><span class=\"has-inline-color has-black-color\"><strong>9.<\/strong><a href=\"https:\/\/oddeleniebiologie.sk\/wp-content\/uploads\/2025\/11\/postup09_prihlasenie_skuska.pdf\"><strong>&nbsp;<\/strong>Prihl\u00e1senie na\u202fsk\u00fa\u0161ku<\/a>\u202f<strong>&nbsp;<\/strong><\/span><\/p>\n\n\n\n<p class=\"has-black-color has-text-color has-link-color wp-elements-4f0a72aa211b586eef64ad30a60c92fb\"><strong><span class=\"has-inline-color has-black-color\">10. <\/span><\/strong><span class=\"has-inline-color has-black-color\"><a href=\"https:\/\/oddeleniebiologie.sk\/wp-content\/uploads\/2025\/11\/postup10_prihlasenie_na_skusku_kalendar.pdf\">Prihl\u00e1senie na sk\u00fa\u0161ku v kalend\u00e1ri&nbsp;<\/a><\/span><\/p>\n\n\n\n<p class=\"has-black-color has-text-color has-link-color wp-elements-c8d2a048e61ce8cf62773f983146d0d4\"><span class=\"has-inline-color has-black-color\"><strong>11.<\/strong><a href=\"https:\/\/oddeleniebiologie.sk\/wp-content\/uploads\/2025\/11\/postup11_prihlnatemuzp20250423.pdf\"><strong> <\/strong>Prihl\u00e1senie na&nbsp;t\u00e9mu z\u00e1vere\u010dnej pr\u00e1ce<\/a><\/span><\/p>\n\n\n\n<p class=\"has-black-color has-text-color has-link-color wp-elements-acce22c7687861551fda2a2b40d950cb\"><span class=\"has-inline-color has-black-color\"><strong>12<\/strong>. <a href=\"https:\/\/oddeleniebiologie.sk\/wp-content\/uploads\/2025\/11\/postup12_prihl_statnice.pdf\">Prihl\u00e1senie na&nbsp;\u0161t\u00e1tne sk\u00fa\u0161ky<\/a><\/span><\/p>\n\n\n\n<p class=\"has-black-color has-text-color has-link-color wp-elements-735df9b0f7b3f3c37e76499fa4863d21\"><strong><span class=\"has-inline-color has-black-color\">13. <\/span><\/strong><span class=\"has-inline-color has-black-color\"><a href=\"https:\/\/oddeleniebiologie.sk\/wp-content\/uploads\/2025\/11\/postup13_odovzdaniezp.pdf\">Odovzdanie z\u00e1vere\u010dnej pr\u00e1ce<\/a><\/span><\/p>\n\n\n\n<h3 class=\"wp-block-heading has-black-color has-text-color has-link-color wp-elements-9d21d843e2156f57a9ac12363f3bc2b4\">Ubytovanie:<\/h3>\n\n\n\n<p class=\"has-black-color has-text-color has-link-color wp-elements-97977abfbedcbf1989b7544ce38e19df\"><strong><span class=\"has-inline-color has-black-color\">14. <\/span><\/strong><span class=\"has-inline-color has-black-color\"><a href=\"https:\/\/oddeleniebiologie.sk\/wp-content\/uploads\/2025\/11\/postup06_ubytovanieziadost20250409.pdf\">Ubytovanie &#8211; \u017eiados\u0165<\/a><\/span><\/p>\n\n\n\n<h3 class=\"wp-block-heading has-black-color has-text-color has-link-color wp-elements-8dbe000593bcd86278a7c534c896e13e\">V\u0161eobecn\u00e9:<\/h3>\n\n\n\n<p class=\"has-black-color has-text-color has-link-color wp-elements-2dc1103d19e2ac88e2997622a8857f95\"><strong><span class=\"has-inline-color has-black-color\">15. <\/span><\/strong><span class=\"has-inline-color has-black-color\"><a href=\"https:\/\/oddeleniebiologie.sk\/wp-content\/uploads\/2025\/11\/postup15_tlacpons.pdf\">R\u00fdchle a\u202fjednoduch\u00e9 ONLINE podp\u00edsan\u00e9 potvrdenie o\u202fn\u00e1v\u0161teve \u0161koly v\u202fAIS-e<\/a><\/span><\/p>\n\n\n\n<p class=\"has-black-color has-text-color has-link-color wp-elements-cf67c0a0f935a532aeae1f80e3c3f9b4\"><strong><span class=\"has-inline-color has-black-color\">16. <\/span><\/strong><span class=\"has-inline-color has-black-color\"><a href=\"https:\/\/oddeleniebiologie.sk\/wp-content\/uploads\/2025\/11\/postup16_mojepredmetyfinal.pdf\">Moje predmety &#8211; Zjednodu\u0161en\u00e9 aplik\u00e1cie pre\u202f\u0161t\u00fadium \u0161tudenta<\/a><\/span><\/p>\n\n\n\n<p class=\"has-black-color has-text-color has-link-color wp-elements-60180a0be82b7f6d4625c233e5170a9b\"><span class=\"has-inline-color has-black-color\"><strong>17. <\/strong><a href=\"https:\/\/oddeleniebiologie.sk\/wp-content\/uploads\/2025\/11\/postup17_zobrazuhradupoplatku20250423.pdf\">Zobrazenie \u00fahrady poplatku<\/a><\/span><\/p>\n\n\n\n<p class=\"has-black-color has-text-color has-link-color wp-elements-fad150428676f69e9287d9facf11667a\"><span class=\"has-inline-color has-black-color\"><strong>18. <\/strong><a href=\"https:\/\/oddeleniebiologie.sk\/wp-content\/uploads\/2025\/11\/postup18_zobrazenieido.pdf\">Zobrazenie osobn\u00e9ho \u010d\u00edsla \u0161tudenta<\/a><\/span><\/p>\n\n\n\n<p class=\"has-black-color has-text-color has-link-color wp-elements-85731fca637ce042edde3466600bcbdc\"><strong><span class=\"has-inline-color has-black-color\">19. <\/span><\/strong><span class=\"has-inline-color has-black-color\"><a href=\"https:\/\/oddeleniebiologie.sk\/wp-content\/uploads\/2025\/11\/postup19_zobrazeniecislaodboru.pdf\">Zobrazenie \u010d\u00edsla odboru<\/a><\/span><\/p>\n\n\n\n<p class=\"has-black-color has-text-color has-link-color wp-elements-a287a050a537037e374115ad859d1da3\"><strong><span class=\"has-inline-color has-black-color\">20. <\/span><\/strong><span class=\"has-inline-color has-black-color\"><a href=\"https:\/\/oddeleniebiologie.sk\/wp-content\/uploads\/2025\/11\/postup20_prezeranierozvrhu.pdf\">Prezeranie rozvrhu<\/a><\/span><\/p>\n\n\n\n<p class=\"has-black-color has-text-color has-link-color wp-elements-4d3b75e1bfff9bf304089e55c1e2ceb2\"><span class=\"has-inline-color has-black-color\"><strong>21. <\/strong><a href=\"https:\/\/oddeleniebiologie.sk\/wp-content\/uploads\/2025\/11\/postup_21udeleniesuhlasu.pdf\">Udelenie s\u00fahlasu\u00a0<\/a><\/span><\/p>\n\n\n\n<p><\/p>\n\n\n\n<p><strong><span class=\"has-inline-color has-black-color\">&nbsp;<\/span><\/strong><\/p>","protected":false},"excerpt":{"rendered":"<p>https:\/\/ais2.ucm.sk\/ais\/portal\/changeLocale.do?locale=SK Na UCM sa v\u0161etky vzdel\u00e1vacie aktivity realizuj\u00fa prostredn\u00edctvom akademick\u00e9ho informa\u010dn\u00e9ho syst\u00e9mu&nbsp;AIS, ktor\u00fd roz\u0161iruje podporu informa\u010dn\u00fdch a komunika\u010dn\u00fdch technol\u00f3gi\u00ed nielen na oblas\u0165 vzdel\u00e1vania, ale aj na oblas\u0165 vedy a v\u00fdskumu, evidencie publika\u010dnej a \u010fal\u0161\u00edch \u010dinnost\u00ed. N\u00e1vody na pr\u00e1ce s AIS s\u00fa rozdelen\u00e9 na viacer\u00e9 postupy, z ktor\u00fdch je mo\u017en\u00e9 vybra\u0165 Vami h\u013eadan\u00e9 inform\u00e1cie.&nbsp; \u00davod 1.&hellip; <br \/> <a class=\"read-more\" href=\"https:\/\/oddeleniebiologie.sk\/en\/ais2\/\">Read more<\/a><\/p>","protected":false},"author":1,"featured_media":0,"parent":0,"menu_order":0,"comment_status":"closed","ping_status":"closed","template":"","meta":{"_monsterinsights_skip_tracking":false,"_monsterinsights_sitenote_active":false,"_monsterinsights_sitenote_note":"","_monsterinsights_sitenote_category":0,"ngg_post_thumbnail":0,"footnotes":""},"class_list":["post-662","page","type-page","status-publish","hentry"],"yoast_head":"<!-- This site is optimized with the Yoast SEO plugin v27.5 - https:\/\/yoast.com\/product\/yoast-seo-wordpress\/ -->\n<title>AIS2 - oddeleniebiologie.sk<\/title>\n<meta name=\"robots\" content=\"index, follow, max-snippet:-1, max-image-preview:large, max-video-preview:-1\" \/>\n<link rel=\"canonical\" href=\"https:\/\/oddeleniebiologie.sk\/en\/ais2\/\" \/>\n<meta property=\"og:locale\" content=\"en_US\" \/>\n<meta property=\"og:type\" content=\"article\" \/>\n<meta property=\"og:title\" content=\"AIS2 - oddeleniebiologie.sk\" \/>\n<meta property=\"og:description\" content=\"https:\/\/ais2.ucm.sk\/ais\/portal\/changeLocale.do?locale=SK Na UCM sa v\u0161etky vzdel\u00e1vacie aktivity realizuj\u00fa prostredn\u00edctvom akademick\u00e9ho informa\u010dn\u00e9ho syst\u00e9mu&nbsp;AIS, ktor\u00fd roz\u0161iruje podporu informa\u010dn\u00fdch a komunika\u010dn\u00fdch technol\u00f3gi\u00ed nielen na oblas\u0165 vzdel\u00e1vania, ale aj na oblas\u0165 vedy a v\u00fdskumu, evidencie publika\u010dnej a \u010fal\u0161\u00edch \u010dinnost\u00ed. N\u00e1vody na pr\u00e1ce s AIS s\u00fa rozdelen\u00e9 na viacer\u00e9 postupy, z ktor\u00fdch je mo\u017en\u00e9 vybra\u0165 Vami h\u013eadan\u00e9 inform\u00e1cie.&nbsp; \u00davod 1.&hellip; Read more\" \/>\n<meta property=\"og:url\" content=\"https:\/\/oddeleniebiologie.sk\/en\/ais2\/\" \/>\n<meta property=\"og:site_name\" content=\"oddeleniebiologie.sk\" \/>\n<meta property=\"article:modified_time\" content=\"2025-11-24T12:27:02+00:00\" \/>\n<meta name=\"twitter:card\" content=\"summary_large_image\" \/>\n<meta name=\"twitter:label1\" content=\"Est. reading time\" \/>\n\t<meta name=\"twitter:data1\" content=\"1 minute\" \/>\n<script type=\"application\/ld+json\" class=\"yoast-schema-graph\">{\"@context\":\"https:\\\/\\\/schema.org\",\"@graph\":[{\"@type\":\"WebPage\",\"@id\":\"https:\\\/\\\/oddeleniebiologie.sk\\\/ais2\\\/\",\"url\":\"https:\\\/\\\/oddeleniebiologie.sk\\\/ais2\\\/\",\"name\":\"AIS2 - oddeleniebiologie.sk\",\"isPartOf\":{\"@id\":\"https:\\\/\\\/oddeleniebiologie.sk\\\/#website\"},\"datePublished\":\"2021-08-18T13:55:41+00:00\",\"dateModified\":\"2025-11-24T12:27:02+00:00\",\"breadcrumb\":{\"@id\":\"https:\\\/\\\/oddeleniebiologie.sk\\\/ais2\\\/#breadcrumb\"},\"inLanguage\":\"en-US\",\"potentialAction\":[{\"@type\":\"ReadAction\",\"target\":[\"https:\\\/\\\/oddeleniebiologie.sk\\\/ais2\\\/\"]}]},{\"@type\":\"BreadcrumbList\",\"@id\":\"https:\\\/\\\/oddeleniebiologie.sk\\\/ais2\\\/#breadcrumb\",\"itemListElement\":[{\"@type\":\"ListItem\",\"position\":1,\"name\":\"Home\",\"item\":\"https:\\\/\\\/oddeleniebiologie.sk\\\/\"},{\"@type\":\"ListItem\",\"position\":2,\"name\":\"AIS2\"}]},{\"@type\":\"WebSite\",\"@id\":\"https:\\\/\\\/oddeleniebiologie.sk\\\/#website\",\"url\":\"https:\\\/\\\/oddeleniebiologie.sk\\\/\",\"name\":\"oddeleniebiologie.sk\",\"description\":\"Oddelenie biol\u00f3gie\",\"publisher\":{\"@id\":\"https:\\\/\\\/oddeleniebiologie.sk\\\/#organization\"},\"potentialAction\":[{\"@type\":\"SearchAction\",\"target\":{\"@type\":\"EntryPoint\",\"urlTemplate\":\"https:\\\/\\\/oddeleniebiologie.sk\\\/?s={search_term_string}\"},\"query-input\":{\"@type\":\"PropertyValueSpecification\",\"valueRequired\":true,\"valueName\":\"search_term_string\"}}],\"inLanguage\":\"en-US\"},{\"@type\":\"Organization\",\"@id\":\"https:\\\/\\\/oddeleniebiologie.sk\\\/#organization\",\"name\":\"oddeleniebiologie.sk\",\"url\":\"https:\\\/\\\/oddeleniebiologie.sk\\\/\",\"logo\":{\"@type\":\"ImageObject\",\"inLanguage\":\"en-US\",\"@id\":\"https:\\\/\\\/oddeleniebiologie.sk\\\/#\\\/schema\\\/logo\\\/image\\\/\",\"url\":\"https:\\\/\\\/oddeleniebiologie.sk\\\/wp-content\\\/uploads\\\/2023\\\/10\\\/cropped-Oddelenie-biologie.jpg\",\"contentUrl\":\"https:\\\/\\\/oddeleniebiologie.sk\\\/wp-content\\\/uploads\\\/2023\\\/10\\\/cropped-Oddelenie-biologie.jpg\",\"width\":454,\"height\":440,\"caption\":\"oddeleniebiologie.sk\"},\"image\":{\"@id\":\"https:\\\/\\\/oddeleniebiologie.sk\\\/#\\\/schema\\\/logo\\\/image\\\/\"}}]}<\/script>\n<!-- \/ Yoast SEO plugin. -->","yoast_head_json":{"title":"AIS2 - oddeleniebiologie.sk","robots":{"index":"index","follow":"follow","max-snippet":"max-snippet:-1","max-image-preview":"max-image-preview:large","max-video-preview":"max-video-preview:-1"},"canonical":"https:\/\/oddeleniebiologie.sk\/en\/ais2\/","og_locale":"en_US","og_type":"article","og_title":"AIS2 - oddeleniebiologie.sk","og_description":"https:\/\/ais2.ucm.sk\/ais\/portal\/changeLocale.do?locale=SK Na UCM sa v\u0161etky vzdel\u00e1vacie aktivity realizuj\u00fa prostredn\u00edctvom akademick\u00e9ho informa\u010dn\u00e9ho syst\u00e9mu&nbsp;AIS, ktor\u00fd roz\u0161iruje podporu informa\u010dn\u00fdch a komunika\u010dn\u00fdch technol\u00f3gi\u00ed nielen na oblas\u0165 vzdel\u00e1vania, ale aj na oblas\u0165 vedy a v\u00fdskumu, evidencie publika\u010dnej a \u010fal\u0161\u00edch \u010dinnost\u00ed. N\u00e1vody na pr\u00e1ce s AIS s\u00fa rozdelen\u00e9 na viacer\u00e9 postupy, z ktor\u00fdch je mo\u017en\u00e9 vybra\u0165 Vami h\u013eadan\u00e9 inform\u00e1cie.&nbsp; \u00davod 1.&hellip; Read more","og_url":"https:\/\/oddeleniebiologie.sk\/en\/ais2\/","og_site_name":"oddeleniebiologie.sk","article_modified_time":"2025-11-24T12:27:02+00:00","twitter_card":"summary_large_image","twitter_misc":{"Est. reading time":"1 minute"},"schema":{"@context":"https:\/\/schema.org","@graph":[{"@type":"WebPage","@id":"https:\/\/oddeleniebiologie.sk\/ais2\/","url":"https:\/\/oddeleniebiologie.sk\/ais2\/","name":"AIS2 - oddeleniebiologie.sk","isPartOf":{"@id":"https:\/\/oddeleniebiologie.sk\/#website"},"datePublished":"2021-08-18T13:55:41+00:00","dateModified":"2025-11-24T12:27:02+00:00","breadcrumb":{"@id":"https:\/\/oddeleniebiologie.sk\/ais2\/#breadcrumb"},"inLanguage":"en-US","potentialAction":[{"@type":"ReadAction","target":["https:\/\/oddeleniebiologie.sk\/ais2\/"]}]},{"@type":"BreadcrumbList","@id":"https:\/\/oddeleniebiologie.sk\/ais2\/#breadcrumb","itemListElement":[{"@type":"ListItem","position":1,"name":"Home","item":"https:\/\/oddeleniebiologie.sk\/"},{"@type":"ListItem","position":2,"name":"AIS2"}]},{"@type":"WebSite","@id":"https:\/\/oddeleniebiologie.sk\/#website","url":"https:\/\/oddeleniebiologie.sk\/","name":"oddeleniebiologie.sk","description":"Oddelenie biol\u00f3gie","publisher":{"@id":"https:\/\/oddeleniebiologie.sk\/#organization"},"potentialAction":[{"@type":"SearchAction","target":{"@type":"EntryPoint","urlTemplate":"https:\/\/oddeleniebiologie.sk\/?s={search_term_string}"},"query-input":{"@type":"PropertyValueSpecification","valueRequired":true,"valueName":"search_term_string"}}],"inLanguage":"en-US"},{"@type":"Organization","@id":"https:\/\/oddeleniebiologie.sk\/#organization","name":"oddeleniebiologie.sk","url":"https:\/\/oddeleniebiologie.sk\/","logo":{"@type":"ImageObject","inLanguage":"en-US","@id":"https:\/\/oddeleniebiologie.sk\/#\/schema\/logo\/image\/","url":"https:\/\/oddeleniebiologie.sk\/wp-content\/uploads\/2023\/10\/cropped-Oddelenie-biologie.jpg","contentUrl":"https:\/\/oddeleniebiologie.sk\/wp-content\/uploads\/2023\/10\/cropped-Oddelenie-biologie.jpg","width":454,"height":440,"caption":"oddeleniebiologie.sk"},"image":{"@id":"https:\/\/oddeleniebiologie.sk\/#\/schema\/logo\/image\/"}}]}},"_links":{"self":[{"href":"https:\/\/oddeleniebiologie.sk\/en\/wp-json\/wp\/v2\/pages\/662","targetHints":{"allow":["GET"]}}],"collection":[{"href":"https:\/\/oddeleniebiologie.sk\/en\/wp-json\/wp\/v2\/pages"}],"about":[{"href":"https:\/\/oddeleniebiologie.sk\/en\/wp-json\/wp\/v2\/types\/page"}],"author":[{"embeddable":true,"href":"https:\/\/oddeleniebiologie.sk\/en\/wp-json\/wp\/v2\/users\/1"}],"replies":[{"embeddable":true,"href":"https:\/\/oddeleniebiologie.sk\/en\/wp-json\/wp\/v2\/comments?post=662"}],"version-history":[{"count":6,"href":"https:\/\/oddeleniebiologie.sk\/en\/wp-json\/wp\/v2\/pages\/662\/revisions"}],"predecessor-version":[{"id":5096,"href":"https:\/\/oddeleniebiologie.sk\/en\/wp-json\/wp\/v2\/pages\/662\/revisions\/5096"}],"wp:attachment":[{"href":"https:\/\/oddeleniebiologie.sk\/en\/wp-json\/wp\/v2\/media?parent=662"}],"curies":[{"name":"wp","href":"https:\/\/api.w.org\/{rel}","templated":true}]}}